{"id":1275,"date":"2019-11-05T22:17:25","date_gmt":"2019-11-05T21:17:25","guid":{"rendered":"http:\/\/basilephilippe.eu\/?page_id=1275"},"modified":"2024-09-19T12:33:59","modified_gmt":"2024-09-19T10:33:59","slug":"hellohi","status":"publish","type":"page","link":"http:\/\/basilephilippe.eu\/index.php\/hellohi\/","title":{"rendered":"Bonjour\/ Hi"},"content":{"rendered":"\t\t<div data-elementor-type=\"wp-post\" data-elementor-id=\"1275\" class=\"elementor elementor-1275\">\n\t\t\t\t\t\t\t\t\t<section class=\"elementor-section elementor-top-section elementor-element elementor-element-5c1e950 elementor-section-stretched elementor-section-boxed elementor-section-height-default elementor-section-height-default\" data-id=\"5c1e950\" data-element_type=\"section\" data-settings=\"{&quot;stretch_section&quot;:&quot;section-stretched&quot;}\">\n\t\t\t\t\t\t<div class=\"elementor-container elementor-column-gap-default\">\n\t\t\t\t\t<div class=\"elementor-column elementor-col-100 elementor-top-column elementor-element elementor-element-bff8218\" data-id=\"bff8218\" data-element_type=\"column\">\n\t\t\t<div class=\"elementor-widget-wrap elementor-element-populated\">\n\t\t\t\t\t\t\t\t<div class=\"elementor-element elementor-element-cfe06c4 elementor-widget elementor-widget-spacer\" data-id=\"cfe06c4\" data-element_type=\"widget\" data-widget_type=\"spacer.default\">\n\t\t\t\t<div class=\"elementor-widget-container\">\n\t\t\t\t\t<div class=\"elementor-spacer\">\n\t\t\t<div class=\"elementor-spacer-inner\"><\/div>\n\t\t<\/div>\n\t\t\t\t<\/div>\n\t\t\t\t<\/div>\n\t\t\t\t\t<\/div>\n\t\t<\/div>\n\t\t\t\t\t\t\t<\/div>\n\t\t<\/section>\n\t\t\t\t<section class=\"elementor-section elementor-top-section elementor-element elementor-element-41ae425 elementor-section-stretched elementor-section-boxed elementor-section-height-default elementor-section-height-default\" data-id=\"41ae425\" data-element_type=\"section\" data-settings=\"{&quot;stretch_section&quot;:&quot;section-stretched&quot;}\">\n\t\t\t\t\t\t<div class=\"elementor-container elementor-column-gap-default\">\n\t\t\t\t\t<div class=\"elementor-column elementor-col-100 elementor-top-column elementor-element elementor-element-998ad69\" data-id=\"998ad69\" data-element_type=\"column\">\n\t\t\t<div class=\"elementor-widget-wrap elementor-element-populated\">\n\t\t\t\t\t\t\t\t<div class=\"elementor-element elementor-element-08d0ce0 elementor-widget elementor-widget-heading\" data-id=\"08d0ce0\" data-element_type=\"widget\" data-widget_type=\"heading.default\">\n\t\t\t\t<div class=\"elementor-widget-container\">\n\t\t\t<h2 class=\"elementor-heading-title elementor-size-default\"><b>Bonjour\/Hi<\/b><\/h2>\t\t<\/div>\n\t\t\t\t<\/div>\n\t\t\t\t\t<\/div>\n\t\t<\/div>\n\t\t\t\t\t\t\t<\/div>\n\t\t<\/section>\n\t\t\t\t<section class=\"elementor-section elementor-top-section elementor-element elementor-element-91e9fe6 elementor-section-stretched elementor-section-boxed elementor-section-height-default elementor-section-height-default\" data-id=\"91e9fe6\" data-element_type=\"section\" data-settings=\"{&quot;stretch_section&quot;:&quot;section-stretched&quot;}\">\n\t\t\t\t\t\t<div class=\"elementor-container elementor-column-gap-default\">\n\t\t\t\t\t<div class=\"elementor-column elementor-col-100 elementor-top-column elementor-element elementor-element-e9382eb\" data-id=\"e9382eb\" data-element_type=\"column\">\n\t\t\t<div class=\"elementor-widget-wrap elementor-element-populated\">\n\t\t\t\t\t\t\t\t<div class=\"elementor-element elementor-element-87d689f elementor-widget elementor-widget-spacer\" data-id=\"87d689f\" data-element_type=\"widget\" data-widget_type=\"spacer.default\">\n\t\t\t\t<div class=\"elementor-widget-container\">\n\t\t\t\t\t<div class=\"elementor-spacer\">\n\t\t\t<div class=\"elementor-spacer-inner\"><\/div>\n\t\t<\/div>\n\t\t\t\t<\/div>\n\t\t\t\t<\/div>\n\t\t\t\t\t<\/div>\n\t\t<\/div>\n\t\t\t\t\t\t\t<\/div>\n\t\t<\/section>\n\t\t\t\t<section class=\"elementor-section elementor-top-section elementor-element elementor-element-5852284 elementor-section-boxed elementor-section-height-default elementor-section-height-default\" data-id=\"5852284\" data-element_type=\"section\">\n\t\t\t\t\t\t<div class=\"elementor-container elementor-column-gap-default\">\n\t\t\t\t\t<div class=\"elementor-column elementor-col-100 elementor-top-column elementor-element elementor-element-e315e4f\" data-id=\"e315e4f\" data-element_type=\"column\">\n\t\t\t<div class=\"elementor-widget-wrap elementor-element-populated\">\n\t\t\t\t\t\t\t\t<div class=\"elementor-element elementor-element-7d67d38 elementor-widget elementor-widget-text-editor\" data-id=\"7d67d38\" data-element_type=\"widget\" data-widget_type=\"text-editor.default\">\n\t\t\t\t<div class=\"elementor-widget-container\">\n\t\t\t\t\t\t\t<p><em>Bienvenue sur cette plateforme, ceci est une biblioth\u00e8que de projets ouverts, en cours, archiv\u00e9s ou \u00e0 venir.<\/em><\/p>\t\t\t\t\t\t<\/div>\n\t\t\t\t<\/div>\n\t\t\t\t\t<\/div>\n\t\t<\/div>\n\t\t\t\t\t\t\t<\/div>\n\t\t<\/section>\n\t\t\t\t<section class=\"elementor-section elementor-top-section elementor-element elementor-element-ba48ff1 elementor-section-stretched elementor-section-boxed elementor-section-height-default elementor-section-height-default\" data-id=\"ba48ff1\" data-element_type=\"section\" data-settings=\"{&quot;stretch_section&quot;:&quot;section-stretched&quot;}\">\n\t\t\t\t\t\t<div class=\"elementor-container elementor-column-gap-default\">\n\t\t\t\t\t<div class=\"elementor-column elementor-col-100 elementor-top-column elementor-element elementor-element-db6885c\" data-id=\"db6885c\" data-element_type=\"column\">\n\t\t\t<div class=\"elementor-widget-wrap elementor-element-populated\">\n\t\t\t\t\t\t\t\t<div class=\"elementor-element elementor-element-4e3a3c5 elementor-widget elementor-widget-spacer\" data-id=\"4e3a3c5\" data-element_type=\"widget\" data-widget_type=\"spacer.default\">\n\t\t\t\t<div class=\"elementor-widget-container\">\n\t\t\t\t\t<div class=\"elementor-spacer\">\n\t\t\t<div class=\"elementor-spacer-inner\"><\/div>\n\t\t<\/div>\n\t\t\t\t<\/div>\n\t\t\t\t<\/div>\n\t\t\t\t\t<\/div>\n\t\t<\/div>\n\t\t\t\t\t\t\t<\/div>\n\t\t<\/section>\n\t\t\t\t<section class=\"elementor-section elementor-top-section elementor-element elementor-element-2d745a9 elementor-section-boxed elementor-section-height-default elementor-section-height-default\" data-id=\"2d745a9\" data-element_type=\"section\">\n\t\t\t\t\t\t<div class=\"elementor-container elementor-column-gap-default\">\n\t\t\t\t\t<div class=\"elementor-column elementor-col-33 elementor-top-column elementor-element elementor-element-3ac0c33\" data-id=\"3ac0c33\" data-element_type=\"column\">\n\t\t\t<div class=\"elementor-widget-wrap elementor-element-populated\">\n\t\t\t\t\t\t\t\t<div class=\"elementor-element elementor-element-a595ff6 elementor-widget elementor-widget-image\" data-id=\"a595ff6\" data-element_type=\"widget\" data-widget_type=\"image.default\">\n\t\t\t\t<div class=\"elementor-widget-container\">\n\t\t\t\t\t\t\t\t\t\t\t\t\t\t\t<img decoding=\"async\" loading=\"lazy\" width=\"1024\" height=\"683\" src=\"http:\/\/basilephilippe.eu\/wp-content\/uploads\/2023\/10\/GOOD3-1024x683.jpg\" class=\"attachment-large size-large wp-image-1877\" alt=\"\" srcset=\"http:\/\/basilephilippe.eu\/wp-content\/uploads\/2023\/10\/GOOD3-1024x683.jpg 1024w, http:\/\/basilephilippe.eu\/wp-content\/uploads\/2023\/10\/GOOD3-300x200.jpg 300w, http:\/\/basilephilippe.eu\/wp-content\/uploads\/2023\/10\/GOOD3-768x512.jpg 768w, http:\/\/basilephilippe.eu\/wp-content\/uploads\/2023\/10\/GOOD3-1536x1024.jpg 1536w, http:\/\/basilephilippe.eu\/wp-content\/uploads\/2023\/10\/GOOD3-2048x1365.jpg 2048w\" sizes=\"(max-width: 1024px) 100vw, 1024px\" \/>\t\t\t\t\t\t\t\t\t\t\t\t\t\t\t<\/div>\n\t\t\t\t<\/div>\n\t\t\t\t\t<\/div>\n\t\t<\/div>\n\t\t\t\t<div class=\"elementor-column elementor-col-33 elementor-top-column elementor-element elementor-element-580e5f8\" data-id=\"580e5f8\" data-element_type=\"column\">\n\t\t\t<div class=\"elementor-widget-wrap elementor-element-populated\">\n\t\t\t\t\t\t\t\t<div class=\"elementor-element elementor-element-9ef858c elementor-widget elementor-widget-image\" data-id=\"9ef858c\" data-element_type=\"widget\" data-widget_type=\"image.default\">\n\t\t\t\t<div class=\"elementor-widget-container\">\n\t\t\t\t\t\t\t\t\t\t\t\t\t\t\t<img decoding=\"async\" loading=\"lazy\" width=\"1024\" height=\"683\" src=\"http:\/\/basilephilippe.eu\/wp-content\/uploads\/2023\/10\/GOOD2-1024x683.jpg\" class=\"attachment-large size-large wp-image-1876\" alt=\"\" srcset=\"http:\/\/basilephilippe.eu\/wp-content\/uploads\/2023\/10\/GOOD2-1024x683.jpg 1024w, http:\/\/basilephilippe.eu\/wp-content\/uploads\/2023\/10\/GOOD2-300x200.jpg 300w, http:\/\/basilephilippe.eu\/wp-content\/uploads\/2023\/10\/GOOD2-768x512.jpg 768w, http:\/\/basilephilippe.eu\/wp-content\/uploads\/2023\/10\/GOOD2-1536x1024.jpg 1536w, http:\/\/basilephilippe.eu\/wp-content\/uploads\/2023\/10\/GOOD2-2048x1365.jpg 2048w\" sizes=\"(max-width: 1024px) 100vw, 1024px\" \/>\t\t\t\t\t\t\t\t\t\t\t\t\t\t\t<\/div>\n\t\t\t\t<\/div>\n\t\t\t\t\t<\/div>\n\t\t<\/div>\n\t\t\t\t<div class=\"elementor-column elementor-col-33 elementor-top-column elementor-element elementor-element-8a81409\" data-id=\"8a81409\" data-element_type=\"column\">\n\t\t\t<div class=\"elementor-widget-wrap elementor-element-populated\">\n\t\t\t\t\t\t\t\t<div class=\"elementor-element elementor-element-0017482 elementor-widget elementor-widget-image\" data-id=\"0017482\" data-element_type=\"widget\" data-widget_type=\"image.default\">\n\t\t\t\t<div class=\"elementor-widget-container\">\n\t\t\t\t\t\t\t\t\t\t\t\t\t\t\t<img decoding=\"async\" loading=\"lazy\" width=\"1024\" height=\"683\" src=\"http:\/\/basilephilippe.eu\/wp-content\/uploads\/2023\/10\/GOOD1-1024x683.jpg\" class=\"attachment-large size-large wp-image-1875\" alt=\"\" srcset=\"http:\/\/basilephilippe.eu\/wp-content\/uploads\/2023\/10\/GOOD1-1024x683.jpg 1024w, http:\/\/basilephilippe.eu\/wp-content\/uploads\/2023\/10\/GOOD1-300x200.jpg 300w, http:\/\/basilephilippe.eu\/wp-content\/uploads\/2023\/10\/GOOD1-768x512.jpg 768w, http:\/\/basilephilippe.eu\/wp-content\/uploads\/2023\/10\/GOOD1-1536x1024.jpg 1536w, http:\/\/basilephilippe.eu\/wp-content\/uploads\/2023\/10\/GOOD1-2048x1365.jpg 2048w\" sizes=\"(max-width: 1024px) 100vw, 1024px\" \/>\t\t\t\t\t\t\t\t\t\t\t\t\t\t\t<\/div>\n\t\t\t\t<\/div>\n\t\t\t\t\t<\/div>\n\t\t<\/div>\n\t\t\t\t\t\t\t<\/div>\n\t\t<\/section>\n\t\t\t\t<section class=\"elementor-section elementor-top-section elementor-element elementor-element-615db90 elementor-section-boxed elementor-section-height-default elementor-section-height-default\" data-id=\"615db90\" data-element_type=\"section\">\n\t\t\t\t\t\t<div class=\"elementor-container elementor-column-gap-default\">\n\t\t\t\t\t<div class=\"elementor-column elementor-col-100 elementor-top-column elementor-element elementor-element-1cb9873\" data-id=\"1cb9873\" data-element_type=\"column\">\n\t\t\t<div class=\"elementor-widget-wrap elementor-element-populated\">\n\t\t\t\t\t\t\t\t<div class=\"elementor-element elementor-element-28c17ca elementor-widget elementor-widget-spacer\" data-id=\"28c17ca\" data-element_type=\"widget\" data-widget_type=\"spacer.default\">\n\t\t\t\t<div class=\"elementor-widget-container\">\n\t\t\t\t\t<div class=\"elementor-spacer\">\n\t\t\t<div class=\"elementor-spacer-inner\"><\/div>\n\t\t<\/div>\n\t\t\t\t<\/div>\n\t\t\t\t<\/div>\n\t\t\t\t\t<\/div>\n\t\t<\/div>\n\t\t\t\t\t\t\t<\/div>\n\t\t<\/section>\n\t\t\t\t<section class=\"elementor-section elementor-top-section elementor-element elementor-element-c2187e8 elementor-section-boxed elementor-section-height-default elementor-section-height-default\" data-id=\"c2187e8\" data-element_type=\"section\">\n\t\t\t\t\t\t<div class=\"elementor-container elementor-column-gap-default\">\n\t\t\t\t\t<div class=\"elementor-column elementor-col-50 elementor-top-column elementor-element elementor-element-2aacf49\" data-id=\"2aacf49\" data-element_type=\"column\">\n\t\t\t<div class=\"elementor-widget-wrap elementor-element-populated\">\n\t\t\t\t\t\t\t\t<div class=\"elementor-element elementor-element-e4f1241 elementor-widget elementor-widget-text-editor\" data-id=\"e4f1241\" data-element_type=\"widget\" data-widget_type=\"text-editor.default\">\n\t\t\t\t<div class=\"elementor-widget-container\">\n\t\t\t\t\t\t\t<p><span style=\"font-weight: 400;\">J\u2019ai toujours \u00e9t\u00e9 inspir\u00e9 par ce qui me d\u00e9passe. J\u2019aime \u00eatre petit, au pied d\u2019une montagne, ou englouti par le ventre sacr\u00e9 et profond, d\u2019un lieu de repr\u00e9sentation. J\u2019aime organiser des rencontres, sachant qu&rsquo;ensuite elles me d\u00e9passeront, car c\u2019est ce que je recherche lors de mes cr\u00e9ations.<\/span><\/p><p><span style=\"font-weight: 400;\">Lors de mes pr\u00e9c\u00e9dents travaux, j\u2019ai ouvert des espaces \u00e9clat\u00e9s, m\u2019inspirant des multiples pistes de cirque am\u00e9ricain, dans lesquels je rencontrais des objets plus grands que moi (le Donut, l\u2019escabeau\u2026). Je continue d\u00e9sormais ce travail en venant directement transformer le corps du protagoniste, son rapport \u00e0 la gravit\u00e9 ainsi que son physique. Pour cela, je continue \u00e0 puiser dans une banque d&rsquo;objets-proth\u00e8ses venant compl\u00e9ter les corps.<\/span><\/p><p><span style=\"font-weight: 400;\">De ces rencontres, vont na\u00eetre des sons et des silences : ma d\u00e9marche est musicale et chor\u00e9graphique. Je dois cela \u00e0 ma culture de la performance et de la musique exp\u00e9rimentale. J\u2019am\u00e8ne \u00e0 mes c\u00f4t\u00e9s les spectateurices dans une qu\u00eate de perception et de sensations entre une mosa\u00efque de mouvements et une symphonie de sons.<\/span><\/p>\t\t\t\t\t\t<\/div>\n\t\t\t\t<\/div>\n\t\t\t\t\t<\/div>\n\t\t<\/div>\n\t\t\t\t<div class=\"elementor-column elementor-col-50 elementor-top-column elementor-element elementor-element-545a153\" data-id=\"545a153\" data-element_type=\"column\">\n\t\t\t<div class=\"elementor-widget-wrap elementor-element-populated\">\n\t\t\t\t\t\t\t\t<div class=\"elementor-element elementor-element-ae6ec83 elementor-widget elementor-widget-text-editor\" data-id=\"ae6ec83\" data-element_type=\"widget\" data-widget_type=\"text-editor.default\">\n\t\t\t\t<div class=\"elementor-widget-container\">\n\t\t\t\t\t\t\t<p><span style=\"font-weight: 400;\">Cr\u00e9er un spectacle, c\u2019est aussi pour moi, une mani\u00e8re de proposer des narratifs ouvrant les imaginaires. C\u2019est aussi un moyen de se r\u00e9approprier certains mythes masculinistes et h\u00e9ro\u00efques. Ceux-l\u00e0 m\u00eame que j\u2019ai fuis ces derni\u00e8res ann\u00e9es. Mon corps d\u2019acrobate, devenu machine, avait \u00e9t\u00e9 confisqu\u00e9 par le cirque. Mon travail du mouvement est une qu\u00eate, cherchant \u00e0 se d\u00e9centrer d\u2019une pratique de domination codifi\u00e9e de l\u2019agr\u00e8s, en explorant des alternatives physiques contemporaines. C\u2019est l\u00e0 que le travail de composition chor\u00e9graphique m\u2019int\u00e9resse : mettre en sc\u00e8ne la complexit\u00e9 de la situation, dans un espace tridimensionnel circassien, aux c\u00f4t\u00e9s des artifices du th\u00e9\u00e2tre.<\/span><\/p><p><span style=\"font-weight: 400;\">La sueur de mon corps dessinera le parcours de ma qu\u00eate et de ses magnifiques \u00e9checs. Face \u00e0 un inconnu aspirant \u2026 <\/span><span style=\"font-weight: 400;\">j\u2019accepte de ne pas tout comprendre et je regarde couler la lave, jusqu\u2019aux \u00e9toiles.<\/span><\/p>\t\t\t\t\t\t<\/div>\n\t\t\t\t<\/div>\n\t\t\t\t\t<\/div>\n\t\t<\/div>\n\t\t\t\t\t\t\t<\/div>\n\t\t<\/section>\n\t\t\t\t<section class=\"elementor-section elementor-top-section elementor-element elementor-element-49cf359 elementor-section-boxed elementor-section-height-default elementor-section-height-default\" data-id=\"49cf359\" data-element_type=\"section\">\n\t\t\t\t\t\t<div class=\"elementor-container elementor-column-gap-default\">\n\t\t\t\t\t<div class=\"elementor-column elementor-col-100 elementor-top-column elementor-element elementor-element-d99e526\" data-id=\"d99e526\" data-element_type=\"column\">\n\t\t\t<div class=\"elementor-widget-wrap elementor-element-populated\">\n\t\t\t\t\t\t\t\t<div class=\"elementor-element elementor-element-89eb843 elementor-widget elementor-widget-spacer\" data-id=\"89eb843\" data-element_type=\"widget\" data-widget_type=\"spacer.default\">\n\t\t\t\t<div class=\"elementor-widget-container\">\n\t\t\t\t\t<div class=\"elementor-spacer\">\n\t\t\t<div class=\"elementor-spacer-inner\"><\/div>\n\t\t<\/div>\n\t\t\t\t<\/div>\n\t\t\t\t<\/div>\n\t\t\t\t\t<\/div>\n\t\t<\/div>\n\t\t\t\t\t\t\t<\/div>\n\t\t<\/section>\n\t\t\t\t<section class=\"elementor-section elementor-top-section elementor-element elementor-element-e2105a2 elementor-section-boxed elementor-section-height-default elementor-section-height-default\" data-id=\"e2105a2\" data-element_type=\"section\">\n\t\t\t\t\t\t<div class=\"elementor-container elementor-column-gap-default\">\n\t\t\t\t\t<div class=\"elementor-column elementor-col-100 elementor-top-column elementor-element elementor-element-414f786\" data-id=\"414f786\" data-element_type=\"column\">\n\t\t\t<div class=\"elementor-widget-wrap\">\n\t\t\t\t\t\t\t\t\t<\/div>\n\t\t<\/div>\n\t\t\t\t\t\t\t<\/div>\n\t\t<\/section>\n\t\t\t\t<section class=\"elementor-section elementor-top-section elementor-element elementor-element-dded16c elementor-section-stretched elementor-section-full_width elementor-section-content-bottom elementor-hidden-tablet elementor-section-height-default elementor-section-height-default\" data-id=\"dded16c\" data-element_type=\"section\" data-settings=\"{&quot;stretch_section&quot;:&quot;section-stretched&quot;}\">\n\t\t\t\t\t\t<div class=\"elementor-container elementor-column-gap-default\">\n\t\t\t\t\t<div class=\"elementor-column elementor-col-100 elementor-top-column elementor-element elementor-element-3bc5631\" data-id=\"3bc5631\" data-element_type=\"column\">\n\t\t\t<div class=\"elementor-widget-wrap elementor-element-populated\">\n\t\t\t\t\t\t\t\t<div class=\"elementor-element elementor-element-670ceb0 elementor-shape-circle elementor-grid-0 e-grid-align-center elementor-widget elementor-widget-social-icons\" data-id=\"670ceb0\" data-element_type=\"widget\" data-widget_type=\"social-icons.default\">\n\t\t\t\t<div class=\"elementor-widget-container\">\n\t\t\t\t\t<div class=\"elementor-social-icons-wrapper elementor-grid\">\n\t\t\t\t\t\t\t<span class=\"elementor-grid-item\">\n\t\t\t\t\t<a class=\"elementor-icon elementor-social-icon elementor-social-icon-facebook elementor-animation-pulse elementor-repeater-item-5ca396b\" href=\"https:\/\/www.facebook.com\/basile.philippe\" target=\"_blank\">\n\t\t\t\t\t\t<span class=\"elementor-screen-only\">Facebook<\/span>\n\t\t\t\t\t\t\t\t\t\t\t\t\t<i class=\"fa fa-facebook\"><\/i>\n\t\t\t\t\t\t\t\t\t\t\t<\/a>\n\t\t\t\t<\/span>\n\t\t\t\t\t\t\t<span class=\"elementor-grid-item\">\n\t\t\t\t\t<a class=\"elementor-icon elementor-social-icon elementor-social-icon-instagram elementor-animation-pulse elementor-repeater-item-ac1c810\" href=\"https:\/\/www.instagram.com\/basile_ph.l.ppe\/?hl=fr\" target=\"_blank\">\n\t\t\t\t\t\t<span class=\"elementor-screen-only\">Instagram<\/span>\n\t\t\t\t\t\t\t\t\t\t\t\t\t<i class=\"fa fa-instagram\"><\/i>\n\t\t\t\t\t\t\t\t\t\t\t<\/a>\n\t\t\t\t<\/span>\n\t\t\t\t\t\t\t<span class=\"elementor-grid-item\">\n\t\t\t\t\t<a class=\"elementor-icon elementor-social-icon elementor-social-icon-vimeo elementor-animation-pulse elementor-repeater-item-4abc857\" href=\"https:\/\/vimeo.com\/user65253138\" target=\"_blank\">\n\t\t\t\t\t\t<span class=\"elementor-screen-only\">Vimeo<\/span>\n\t\t\t\t\t\t\t\t\t\t\t\t\t<i class=\"fa fa-vimeo\"><\/i>\n\t\t\t\t\t\t\t\t\t\t\t<\/a>\n\t\t\t\t<\/span>\n\t\t\t\t\t<\/div>\n\t\t\t\t<\/div>\n\t\t\t\t<\/div>\n\t\t\t\t\t<\/div>\n\t\t<\/div>\n\t\t\t\t\t\t\t<\/div>\n\t\t<\/section>\n\t\t\t\t<section class=\"elementor-section elementor-top-section elementor-element elementor-element-3ac128f elementor-section-stretched elementor-hidden-tablet elementor-section-boxed elementor-section-height-default elementor-section-height-default\" data-id=\"3ac128f\" data-element_type=\"section\" data-settings=\"{&quot;stretch_section&quot;:&quot;section-stretched&quot;}\">\n\t\t\t\t\t\t<div class=\"elementor-container elementor-column-gap-default\">\n\t\t\t\t\t<div class=\"elementor-column elementor-col-100 elementor-top-column elementor-element elementor-element-35119d9\" data-id=\"35119d9\" data-element_type=\"column\">\n\t\t\t<div class=\"elementor-widget-wrap elementor-element-populated\">\n\t\t\t\t\t\t\t\t<div class=\"elementor-element elementor-element-23807c5 elementor-widget elementor-widget-spacer\" data-id=\"23807c5\" data-element_type=\"widget\" data-widget_type=\"spacer.default\">\n\t\t\t\t<div class=\"elementor-widget-container\">\n\t\t\t\t\t<div class=\"elementor-spacer\">\n\t\t\t<div class=\"elementor-spacer-inner\"><\/div>\n\t\t<\/div>\n\t\t\t\t<\/div>\n\t\t\t\t<\/div>\n\t\t\t\t\t<\/div>\n\t\t<\/div>\n\t\t\t\t\t\t\t<\/div>\n\t\t<\/section>\n\t\t\t\t<section class=\"elementor-section elementor-top-section elementor-element elementor-element-fd65514 elementor-section-boxed elementor-section-height-default elementor-section-height-default\" data-id=\"fd65514\" data-element_type=\"section\">\n\t\t\t\t\t\t<div class=\"elementor-container elementor-column-gap-default\">\n\t\t\t\t\t<div class=\"elementor-column elementor-col-100 elementor-top-column elementor-element elementor-element-742cb50\" data-id=\"742cb50\" data-element_type=\"column\">\n\t\t\t<div class=\"elementor-widget-wrap elementor-element-populated\">\n\t\t\t\t\t\t\t\t<div class=\"elementor-element elementor-element-6ecf17c elementor-widget elementor-widget-spacer\" data-id=\"6ecf17c\" data-element_type=\"widget\" data-widget_type=\"spacer.default\">\n\t\t\t\t<div class=\"elementor-widget-container\">\n\t\t\t\t\t<div class=\"elementor-spacer\">\n\t\t\t<div class=\"elementor-spacer-inner\"><\/div>\n\t\t<\/div>\n\t\t\t\t<\/div>\n\t\t\t\t<\/div>\n\t\t\t\t\t<\/div>\n\t\t<\/div>\n\t\t\t\t\t\t\t<\/div>\n\t\t<\/section>\n\t\t\t\t<section class=\"elementor-section elementor-top-section elementor-element elementor-element-a8d29aa elementor-section-stretched elementor-section-boxed elementor-section-height-default elementor-section-height-default\" data-id=\"a8d29aa\" data-element_type=\"section\" data-settings=\"{&quot;stretch_section&quot;:&quot;section-stretched&quot;}\">\n\t\t\t\t\t\t<div class=\"elementor-container elementor-column-gap-default\">\n\t\t\t\t\t<div class=\"elementor-column elementor-col-100 elementor-top-column elementor-element elementor-element-c5e6817\" data-id=\"c5e6817\" data-element_type=\"column\">\n\t\t\t<div class=\"elementor-widget-wrap elementor-element-populated\">\n\t\t\t\t\t\t\t\t<div class=\"elementor-element elementor-element-742cd63 elementor-widget elementor-widget-text-editor\" data-id=\"742cd63\" data-element_type=\"widget\" data-widget_type=\"text-editor.default\">\n\t\t\t\t<div class=\"elementor-widget-container\">\n\t\t\t\t\t\t\t<p>Cr\u00e9dits photos : Alena Principe<\/p>\t\t\t\t\t\t<\/div>\n\t\t\t\t<\/div>\n\t\t\t\t\t<\/div>\n\t\t<\/div>\n\t\t\t\t\t\t\t<\/div>\n\t\t<\/section>\n\t\t\t\t\t\t\t<\/div>\n\t\t","protected":false},"excerpt":{"rendered":"<p>Bonjour\/Hi Bienvenue sur cette plateforme, ceci est une biblioth\u00e8que de projets ouverts, en cours, archiv\u00e9s ou \u00e0 venir. J\u2019ai toujours \u00e9t\u00e9 inspir\u00e9 par ce qui me d\u00e9passe. J\u2019aime \u00eatre petit, au pied d\u2019une montagne, ou englouti par le ventre sacr\u00e9 et profond, d\u2019un lieu de repr\u00e9sentation. J\u2019aime organiser des rencontres, sachant qu&rsquo;ensuite elles me d\u00e9passeront, [&hellip;]<\/p>\n","protected":false},"author":1,"featured_media":0,"parent":0,"menu_order":0,"comment_status":"closed","ping_status":"closed","template":"","meta":{"footnotes":""},"aioseo_notices":[],"_links":{"self":[{"href":"http:\/\/basilephilippe.eu\/index.php\/wp-json\/wp\/v2\/pages\/1275"}],"collection":[{"href":"http:\/\/basilephilippe.eu\/index.php\/wp-json\/wp\/v2\/pages"}],"about":[{"href":"http:\/\/basilephilippe.eu\/index.php\/wp-json\/wp\/v2\/types\/page"}],"author":[{"embeddable":true,"href":"http:\/\/basilephilippe.eu\/index.php\/wp-json\/wp\/v2\/users\/1"}],"replies":[{"embeddable":true,"href":"http:\/\/basilephilippe.eu\/index.php\/wp-json\/wp\/v2\/comments?post=1275"}],"version-history":[{"count":97,"href":"http:\/\/basilephilippe.eu\/index.php\/wp-json\/wp\/v2\/pages\/1275\/revisions"}],"predecessor-version":[{"id":2160,"href":"http:\/\/basilephilippe.eu\/index.php\/wp-json\/wp\/v2\/pages\/1275\/revisions\/2160"}],"wp:attachment":[{"href":"http:\/\/basilephilippe.eu\/index.php\/wp-json\/wp\/v2\/media?parent=1275"}],"curies":[{"name":"wp","href":"https:\/\/api.w.org\/{rel}","templated":true}]}}