{"id":489,"date":"2018-10-19T00:28:12","date_gmt":"2018-10-19T00:28:12","guid":{"rendered":"https:\/\/agora-go.com\/etudiant01\/?page_id=489"},"modified":"2023-10-23T21:20:34","modified_gmt":"2023-10-23T19:20:34","slug":"je-suis-acrobate-beignade-i","status":"publish","type":"page","link":"http:\/\/basilephilippe.eu\/index.php\/je-suis-acrobate-beignade-i\/","title":{"rendered":"Moi acrobate \/ Beignade I"},"content":{"rendered":"\t\t<div data-elementor-type=\"wp-post\" data-elementor-id=\"489\" class=\"elementor elementor-489\">\n\t\t\t\t\t\t\t\t\t<section class=\"elementor-section elementor-top-section elementor-element elementor-element-3e771bd0 elementor-section-stretched elementor-section-boxed elementor-section-height-default elementor-section-height-default\" data-id=\"3e771bd0\" data-element_type=\"section\" data-settings=\"{&quot;stretch_section&quot;:&quot;section-stretched&quot;}\">\n\t\t\t\t\t\t<div class=\"elementor-container elementor-column-gap-default\">\n\t\t\t\t\t<div class=\"elementor-column elementor-col-100 elementor-top-column elementor-element elementor-element-36a79f4\" data-id=\"36a79f4\" data-element_type=\"column\">\n\t\t\t<div class=\"elementor-widget-wrap elementor-element-populated\">\n\t\t\t\t\t\t\t\t<div class=\"elementor-element elementor-element-2b0d3207 elementor-widget elementor-widget-heading\" data-id=\"2b0d3207\" data-element_type=\"widget\" data-widget_type=\"heading.default\">\n\t\t\t\t<div class=\"elementor-widget-container\">\n\t\t\t<h2 class=\"elementor-heading-title elementor-size-default\"><br><br><b>Moi Acrobate \/ Beignade I<\/b><\/h2>\t\t<\/div>\n\t\t\t\t<\/div>\n\t\t\t\t\t<\/div>\n\t\t<\/div>\n\t\t\t\t\t\t\t<\/div>\n\t\t<\/section>\n\t\t\t\t<section class=\"elementor-section elementor-top-section elementor-element elementor-element-aead53a elementor-section-boxed elementor-section-height-default elementor-section-height-default\" data-id=\"aead53a\" data-element_type=\"section\">\n\t\t\t\t\t\t<div class=\"elementor-container elementor-column-gap-default\">\n\t\t\t\t\t<div class=\"elementor-column elementor-col-100 elementor-top-column elementor-element elementor-element-833fdfa\" data-id=\"833fdfa\" data-element_type=\"column\">\n\t\t\t<div class=\"elementor-widget-wrap elementor-element-populated\">\n\t\t\t\t\t\t\t\t<div class=\"elementor-element elementor-element-8db9554 elementor-widget elementor-widget-spacer\" data-id=\"8db9554\" data-element_type=\"widget\" data-widget_type=\"spacer.default\">\n\t\t\t\t<div class=\"elementor-widget-container\">\n\t\t\t\t\t<div class=\"elementor-spacer\">\n\t\t\t<div class=\"elementor-spacer-inner\"><\/div>\n\t\t<\/div>\n\t\t\t\t<\/div>\n\t\t\t\t<\/div>\n\t\t\t\t\t<\/div>\n\t\t<\/div>\n\t\t\t\t\t\t\t<\/div>\n\t\t<\/section>\n\t\t\t\t<section class=\"elementor-section elementor-top-section elementor-element elementor-element-a45e9fe elementor-section-stretched elementor-section-boxed elementor-section-height-default elementor-section-height-default\" data-id=\"a45e9fe\" data-element_type=\"section\" data-settings=\"{&quot;stretch_section&quot;:&quot;section-stretched&quot;}\">\n\t\t\t\t\t\t<div class=\"elementor-container elementor-column-gap-default\">\n\t\t\t\t\t<div class=\"elementor-column elementor-col-100 elementor-top-column elementor-element elementor-element-f38ddde\" data-id=\"f38ddde\" data-element_type=\"column\">\n\t\t\t<div class=\"elementor-widget-wrap elementor-element-populated\">\n\t\t\t\t\t\t\t\t<div class=\"elementor-element elementor-element-c179052 elementor-widget elementor-widget-text-editor\" data-id=\"c179052\" data-element_type=\"widget\" data-widget_type=\"text-editor.default\">\n\t\t\t\t<div class=\"elementor-widget-container\">\n\t\t\t\t\t\t\t<p>Tel un exercice de style, cette pi\u00e8ce reprend le format num\u00e9ro de cirque, d&rsquo;une dur\u00e9e de sept minutes et pour un espace de 13 m\u00e8tres de diam\u00e8tre. Cette pi\u00e8ce est toutefois une commande, elle est<span style=\"font-family: Roboto, sans-serif; font-size: 18px; font-style: normal; font-variant-ligatures: normal; font-variant-caps: normal; font-weight: 400;\">\u00a0<\/span><span style=\"font-family: Roboto, sans-serif; font-size: 18px; font-style: normal; font-variant-ligatures: normal; font-variant-caps: normal; font-weight: 400;\">ainsi<\/span><span style=\"font-size: 18px;\">\u00a0adapt\u00e9e dans un format frontal.<\/span><\/p><p><em>Moi Acrobate<\/em> a \u00e9t\u00e9 cr\u00e9e \u00e0 l&rsquo;\u00c9cole Nationale de cirque en automne 2018 et a \u00e9t\u00e9 pr\u00e9sent\u00e9 comme num\u00e9ro de sortie dans le cadre des \u00c9preuves Synth\u00e8ses. Elle est la premi\u00e8re cr\u00e9ation du cycle des <em>Beignades<\/em>.<\/p>\t\t\t\t\t\t<\/div>\n\t\t\t\t<\/div>\n\t\t\t\t\t<\/div>\n\t\t<\/div>\n\t\t\t\t\t\t\t<\/div>\n\t\t<\/section>\n\t\t\t\t<section class=\"elementor-section elementor-top-section elementor-element elementor-element-81eea8f elementor-hidden-tablet elementor-hidden-phone elementor-section-boxed elementor-section-height-default elementor-section-height-default\" data-id=\"81eea8f\" data-element_type=\"section\">\n\t\t\t\t\t\t<div class=\"elementor-container elementor-column-gap-default\">\n\t\t\t\t\t<div class=\"elementor-column elementor-col-100 elementor-top-column elementor-element elementor-element-7c65d9c\" data-id=\"7c65d9c\" data-element_type=\"column\">\n\t\t\t<div class=\"elementor-widget-wrap elementor-element-populated\">\n\t\t\t\t\t\t\t\t<div class=\"elementor-element elementor-element-f352e81 elementor-widget elementor-widget-spacer\" data-id=\"f352e81\" data-element_type=\"widget\" data-widget_type=\"spacer.default\">\n\t\t\t\t<div class=\"elementor-widget-container\">\n\t\t\t\t\t<div class=\"elementor-spacer\">\n\t\t\t<div class=\"elementor-spacer-inner\"><\/div>\n\t\t<\/div>\n\t\t\t\t<\/div>\n\t\t\t\t<\/div>\n\t\t\t\t\t<\/div>\n\t\t<\/div>\n\t\t\t\t\t\t\t<\/div>\n\t\t<\/section>\n\t\t\t\t<section class=\"elementor-section elementor-top-section elementor-element elementor-element-2a990da elementor-section-stretched elementor-section-height-full elementor-section-boxed elementor-section-height-default elementor-section-items-middle\" data-id=\"2a990da\" data-element_type=\"section\" data-settings=\"{&quot;stretch_section&quot;:&quot;section-stretched&quot;}\">\n\t\t\t\t\t\t<div class=\"elementor-container elementor-column-gap-wide\">\n\t\t\t\t\t<div class=\"elementor-column elementor-col-33 elementor-top-column elementor-element elementor-element-559b78f7\" data-id=\"559b78f7\" data-element_type=\"column\">\n\t\t\t<div class=\"elementor-widget-wrap elementor-element-populated\">\n\t\t\t\t\t\t\t\t<div class=\"elementor-element elementor-element-5a78a442 gallery-spacing-custom elementor-widget elementor-widget-image-gallery\" data-id=\"5a78a442\" data-element_type=\"widget\" data-widget_type=\"image-gallery.default\">\n\t\t\t\t<div class=\"elementor-widget-container\">\n\t\t\t\t\t<div class=\"elementor-image-gallery\">\n\t\t\t<div id='gallery-1' class='gallery galleryid-489 gallery-columns-1 gallery-size-medium'><figure class='gallery-item'>\n\t\t\t<div class='gallery-icon landscape'>\n\t\t\t\t<a data-elementor-open-lightbox=\"yes\" data-elementor-lightbox-slideshow=\"5a78a442\" data-elementor-lightbox-title=\"Moi Acrobate Out\" data-e-action-hash=\"#elementor-action%3Aaction%3Dlightbox%26settings%3DeyJpZCI6Njc3LCJ1cmwiOiJodHRwOlwvXC9iYXNpbGVwaGlsaXBwZS5ldVwvd3AtY29udGVudFwvdXBsb2Fkc1wvMjAxOFwvMTJcLzQ2MzI5NDExXzE5ODA4Mzc0NDQxMzk5NF81NjgwNTE4NjIxNzkzNjE1ODcyX24uanBnIiwic2xpZGVzaG93IjoiNWE3OGE0NDIifQ%3D%3D\" href='http:\/\/basilephilippe.eu\/wp-content\/uploads\/2018\/12\/46329411_198083744413994_5680518621793615872_n.jpg'><img width=\"300\" height=\"228\" src=\"http:\/\/basilephilippe.eu\/wp-content\/uploads\/2018\/12\/46329411_198083744413994_5680518621793615872_n-300x228.jpg\" class=\"attachment-medium size-medium\" alt=\"\" decoding=\"async\" loading=\"lazy\" srcset=\"http:\/\/basilephilippe.eu\/wp-content\/uploads\/2018\/12\/46329411_198083744413994_5680518621793615872_n-300x228.jpg 300w, http:\/\/basilephilippe.eu\/wp-content\/uploads\/2018\/12\/46329411_198083744413994_5680518621793615872_n-768x583.jpg 768w, http:\/\/basilephilippe.eu\/wp-content\/uploads\/2018\/12\/46329411_198083744413994_5680518621793615872_n.jpg 800w\" sizes=\"(max-width: 300px) 100vw, 300px\" \/><\/a>\n\t\t\t<\/div><\/figure><figure class='gallery-item'>\n\t\t\t<div class='gallery-icon landscape'>\n\t\t\t\t<a data-elementor-open-lightbox=\"yes\" data-elementor-lightbox-slideshow=\"5a78a442\" data-elementor-lightbox-title=\"Moi Acrobate\" data-e-action-hash=\"#elementor-action%3Aaction%3Dlightbox%26settings%3DeyJpZCI6Njc2LCJ1cmwiOiJodHRwOlwvXC9iYXNpbGVwaGlsaXBwZS5ldVwvd3AtY29udGVudFwvdXBsb2Fkc1wvMjAxOFwvMTJcLzQ2MjkyMjMyXzMyMjQ5MzI4NTIxMjUyOV81MTM0OTAzNDYxMzIxNjM3ODg4X24uanBnIiwic2xpZGVzaG93IjoiNWE3OGE0NDIifQ%3D%3D\" href='http:\/\/basilephilippe.eu\/wp-content\/uploads\/2018\/12\/46292232_322493285212529_5134903461321637888_n.jpg'><img width=\"300\" height=\"203\" src=\"http:\/\/basilephilippe.eu\/wp-content\/uploads\/2018\/12\/46292232_322493285212529_5134903461321637888_n-300x203.jpg\" class=\"attachment-medium size-medium\" alt=\"\" decoding=\"async\" loading=\"lazy\" srcset=\"http:\/\/basilephilippe.eu\/wp-content\/uploads\/2018\/12\/46292232_322493285212529_5134903461321637888_n-300x203.jpg 300w, http:\/\/basilephilippe.eu\/wp-content\/uploads\/2018\/12\/46292232_322493285212529_5134903461321637888_n-768x520.jpg 768w, http:\/\/basilephilippe.eu\/wp-content\/uploads\/2018\/12\/46292232_322493285212529_5134903461321637888_n.jpg 800w\" sizes=\"(max-width: 300px) 100vw, 300px\" \/><\/a>\n\t\t\t<\/div><\/figure><figure class='gallery-item'>\n\t\t\t<div class='gallery-icon landscape'>\n\t\t\t\t<a data-elementor-open-lightbox=\"yes\" data-elementor-lightbox-slideshow=\"5a78a442\" data-elementor-lightbox-title=\"Flying Donut\" data-e-action-hash=\"#elementor-action%3Aaction%3Dlightbox%26settings%3DeyJpZCI6Njc1LCJ1cmwiOiJodHRwOlwvXC9iYXNpbGVwaGlsaXBwZS5ldVwvd3AtY29udGVudFwvdXBsb2Fkc1wvMjAxOFwvMTJcLzQ2MTc5OTE1Xzc2NzQ4NTk0MDI1NzY3M183Mzk4OTYzMjQ2MjY4NDE2MDAwX24uanBnIiwic2xpZGVzaG93IjoiNWE3OGE0NDIifQ%3D%3D\" href='http:\/\/basilephilippe.eu\/wp-content\/uploads\/2018\/12\/46179915_767485940257673_7398963246268416000_n.jpg'><img width=\"300\" height=\"170\" src=\"http:\/\/basilephilippe.eu\/wp-content\/uploads\/2018\/12\/46179915_767485940257673_7398963246268416000_n-300x170.jpg\" class=\"attachment-medium size-medium\" alt=\"\" decoding=\"async\" loading=\"lazy\" srcset=\"http:\/\/basilephilippe.eu\/wp-content\/uploads\/2018\/12\/46179915_767485940257673_7398963246268416000_n-300x170.jpg 300w, http:\/\/basilephilippe.eu\/wp-content\/uploads\/2018\/12\/46179915_767485940257673_7398963246268416000_n-768x436.jpg 768w, http:\/\/basilephilippe.eu\/wp-content\/uploads\/2018\/12\/46179915_767485940257673_7398963246268416000_n.jpg 800w\" sizes=\"(max-width: 300px) 100vw, 300px\" \/><\/a>\n\t\t\t<\/div><\/figure><figure class='gallery-item'>\n\t\t\t<div class='gallery-icon landscape'>\n\t\t\t\t<a data-elementor-open-lightbox=\"yes\" data-elementor-lightbox-slideshow=\"5a78a442\" data-elementor-lightbox-title=\"Moi Acrobate Donut\" data-e-action-hash=\"#elementor-action%3Aaction%3Dlightbox%26settings%3DeyJpZCI6Njc0LCJ1cmwiOiJodHRwOlwvXC9iYXNpbGVwaGlsaXBwZS5ldVwvd3AtY29udGVudFwvdXBsb2Fkc1wvMjAxOFwvMTJcLzQ2MTM3NTA3XzIzNDIxOTQ5NTkxNDI2MDlfNjUzMDc1MDExNTc4MTU0MTg4OF9uLmpwZyIsInNsaWRlc2hvdyI6IjVhNzhhNDQyIn0%3D\" href='http:\/\/basilephilippe.eu\/wp-content\/uploads\/2018\/12\/46137507_2342194959142609_6530750115781541888_n.jpg'><img width=\"300\" height=\"211\" src=\"http:\/\/basilephilippe.eu\/wp-content\/uploads\/2018\/12\/46137507_2342194959142609_6530750115781541888_n-300x211.jpg\" class=\"attachment-medium size-medium\" alt=\"\" decoding=\"async\" loading=\"lazy\" srcset=\"http:\/\/basilephilippe.eu\/wp-content\/uploads\/2018\/12\/46137507_2342194959142609_6530750115781541888_n-300x211.jpg 300w, http:\/\/basilephilippe.eu\/wp-content\/uploads\/2018\/12\/46137507_2342194959142609_6530750115781541888_n-768x540.jpg 768w, http:\/\/basilephilippe.eu\/wp-content\/uploads\/2018\/12\/46137507_2342194959142609_6530750115781541888_n.jpg 800w\" sizes=\"(max-width: 300px) 100vw, 300px\" \/><\/a>\n\t\t\t<\/div><\/figure>\n\t\t<\/div>\n\t\t<\/div>\n\t\t\t\t<\/div>\n\t\t\t\t<\/div>\n\t\t\t\t\t<\/div>\n\t\t<\/div>\n\t\t\t\t<div class=\"elementor-column elementor-col-66 elementor-top-column elementor-element elementor-element-7f5b5348\" data-id=\"7f5b5348\" data-element_type=\"column\">\n\t\t\t<div class=\"elementor-widget-wrap elementor-element-populated\">\n\t\t\t\t\t\t\t\t<div class=\"elementor-element elementor-element-3e15c41f elementor-widget elementor-widget-text-editor\" data-id=\"3e15c41f\" data-element_type=\"widget\" data-widget_type=\"text-editor.default\">\n\t\t\t\t<div class=\"elementor-widget-container\">\n\t\t\t\t\t\t\t<p>\u00a0<\/p><p>Cette pi\u00e8ce est un trio pour un acrobate, un beigne et son centre.<\/p><p>Cette pi\u00e8ce parle de Cirque.<\/p><p>Cette pi\u00e8ce parle d\u2019Acrobatie.<\/p><p>\u00a0<\/p><p>Moi Acrobate \/ Beignade I est une courte pi\u00e8ce mettant en sc\u00e8ne la relation de l\u2019objet et de l\u2019acrobate. On y voit un Homme et deux matelas vivre, cr\u00e9er et partager gr\u00e2ce au mouvement acrobatique et aux situations ineptes dans lesquels ils \u00e9voluent.<\/p><p>\u00a0<\/p><p>Moi Acrobate \/ Beignade I c\u2019est aussi une commande pour un espace frontal, une dur\u00e9e maximale de sept minutes et sans machine \u00e0 fum\u00e9e. La commande cr\u00e9e une libert\u00e9 dont nous nous emparons afin d\u2019\u00e9crire et de montrer l\u00e0 o\u00f9 nous en sommes, l\u00e0 o\u00f9 en est notre r\u00e9flexion, notre travail.<\/p><p>\u00a0<\/p><p>Moi Acrobate \/ Beignade I c\u2019est notre manifeste actuel, celui de notre maintenant, et ceci sera, jusqu\u2019au prochain.<\/p><p>\u00a0<\/p><p>\u00a0<\/p>\t\t\t\t\t\t<\/div>\n\t\t\t\t<\/div>\n\t\t\t\t\t<\/div>\n\t\t<\/div>\n\t\t\t\t\t\t\t<\/div>\n\t\t<\/section>\n\t\t\t\t<section class=\"elementor-section elementor-top-section elementor-element elementor-element-8689b51 elementor-hidden-tablet elementor-hidden-phone elementor-section-boxed elementor-section-height-default elementor-section-height-default\" data-id=\"8689b51\" data-element_type=\"section\">\n\t\t\t\t\t\t<div class=\"elementor-container elementor-column-gap-default\">\n\t\t\t\t\t<div class=\"elementor-column elementor-col-100 elementor-top-column elementor-element elementor-element-af4c7dc\" data-id=\"af4c7dc\" data-element_type=\"column\">\n\t\t\t<div class=\"elementor-widget-wrap elementor-element-populated\">\n\t\t\t\t\t\t\t\t<div class=\"elementor-element elementor-element-2b11720 elementor-widget elementor-widget-spacer\" data-id=\"2b11720\" data-element_type=\"widget\" data-widget_type=\"spacer.default\">\n\t\t\t\t<div class=\"elementor-widget-container\">\n\t\t\t\t\t<div class=\"elementor-spacer\">\n\t\t\t<div class=\"elementor-spacer-inner\"><\/div>\n\t\t<\/div>\n\t\t\t\t<\/div>\n\t\t\t\t<\/div>\n\t\t\t\t\t<\/div>\n\t\t<\/div>\n\t\t\t\t\t\t\t<\/div>\n\t\t<\/section>\n\t\t\t\t<section class=\"elementor-section elementor-top-section elementor-element elementor-element-18f5dbc8 elementor-section-stretched elementor-section-boxed elementor-section-height-default elementor-section-height-default\" data-id=\"18f5dbc8\" data-element_type=\"section\" data-settings=\"{&quot;stretch_section&quot;:&quot;section-stretched&quot;}\">\n\t\t\t\t\t\t<div class=\"elementor-container elementor-column-gap-default\">\n\t\t\t\t\t<div class=\"elementor-column elementor-col-33 elementor-top-column elementor-element elementor-element-45781021\" data-id=\"45781021\" data-element_type=\"column\">\n\t\t\t<div class=\"elementor-widget-wrap elementor-element-populated\">\n\t\t\t\t\t\t\t\t<div class=\"elementor-element elementor-element-6d280f4 elementor-widget elementor-widget-video\" data-id=\"6d280f4\" data-element_type=\"widget\" data-settings=\"{&quot;video_type&quot;:&quot;vimeo&quot;}\" data-widget_type=\"video.default\">\n\t\t\t\t<div class=\"elementor-widget-container\">\n\t\t\t\t\t<div class=\"elementor-wrapper elementor-open-inline\">\n\t\t\t<iframe class=\"elementor-video-iframe\" allowfullscreen title=\"Lecteur vid\u00e9o vimeo\" src=\"https:\/\/player.vimeo.com\/video\/301980599?color=e500ff&amp;autopause=0&amp;loop=0&amp;muted=0&amp;title=1&amp;portrait=1&amp;byline=0#t=\"><\/iframe>\t\t<\/div>\n\t\t\t\t<\/div>\n\t\t\t\t<\/div>\n\t\t\t\t\t<\/div>\n\t\t<\/div>\n\t\t\t\t<div class=\"elementor-column elementor-col-33 elementor-top-column elementor-element elementor-element-133569f\" data-id=\"133569f\" data-element_type=\"column\">\n\t\t\t<div class=\"elementor-widget-wrap\">\n\t\t\t\t\t\t\t\t\t<\/div>\n\t\t<\/div>\n\t\t\t\t<div class=\"elementor-column elementor-col-33 elementor-top-column elementor-element elementor-element-7432bfb\" data-id=\"7432bfb\" data-element_type=\"column\">\n\t\t\t<div class=\"elementor-widget-wrap elementor-element-populated\">\n\t\t\t\t\t\t\t\t<div class=\"elementor-element elementor-element-0550ca6 elementor-widget elementor-widget-text-editor\" data-id=\"0550ca6\" data-element_type=\"widget\" data-widget_type=\"text-editor.default\">\n\t\t\t\t<div class=\"elementor-widget-container\">\n\t\t\t\t\t\t\t<h2>\u00a0<b>Cr\u00e9dits<\/b><\/h2><p>\u00a0Id\u00e9ation : Basile Herrmann Philippe<\/p><p>Conseils \/ Activateur : Peter James<\/p><p>Musique : Phill Niblock<\/p><p>Lumi\u00e8res : Stephane M\u00e9nigot\u00a0<\/p><p>\u00a0<\/p>\t\t\t\t\t\t<\/div>\n\t\t\t\t<\/div>\n\t\t\t\t<div class=\"elementor-element elementor-element-629769b elementor-align-left elementor-mobile-align-center elementor-widget elementor-widget-button\" data-id=\"629769b\" data-element_type=\"widget\" data-widget_type=\"button.default\">\n\t\t\t\t<div class=\"elementor-widget-container\">\n\t\t\t\t\t<div class=\"elementor-button-wrapper\">\n\t\t\t<a class=\"elementor-button elementor-button-link elementor-size-md\" href=\"http:\/\/basilephilippe.eu\/wp-content\/uploads\/2018\/12\/FicheTechniqueBP.pdf\" target=\"_blank\">\n\t\t\t\t\t\t<span class=\"elementor-button-content-wrapper\">\n\t\t\t\t\t\t<span class=\"elementor-button-text\">Fiche Technique<\/span>\n\t\t<\/span>\n\t\t\t\t\t<\/a>\n\t\t<\/div>\n\t\t\t\t<\/div>\n\t\t\t\t<\/div>\n\t\t\t\t<div class=\"elementor-element elementor-element-1601734 elementor-widget elementor-widget-spacer\" data-id=\"1601734\" data-element_type=\"widget\" data-widget_type=\"spacer.default\">\n\t\t\t\t<div class=\"elementor-widget-container\">\n\t\t\t\t\t<div class=\"elementor-spacer\">\n\t\t\t<div class=\"elementor-spacer-inner\"><\/div>\n\t\t<\/div>\n\t\t\t\t<\/div>\n\t\t\t\t<\/div>\n\t\t\t\t\t<\/div>\n\t\t<\/div>\n\t\t\t\t\t\t\t<\/div>\n\t\t<\/section>\n\t\t\t\t<section class=\"elementor-section elementor-top-section elementor-element elementor-element-02bfd58 elementor-section-boxed elementor-section-height-default elementor-section-height-default\" data-id=\"02bfd58\" data-element_type=\"section\">\n\t\t\t\t\t\t<div class=\"elementor-container elementor-column-gap-default\">\n\t\t\t\t\t<div class=\"elementor-column elementor-col-100 elementor-top-column elementor-element elementor-element-58fa4d4\" data-id=\"58fa4d4\" data-element_type=\"column\">\n\t\t\t<div class=\"elementor-widget-wrap\">\n\t\t\t\t\t\t\t\t\t<\/div>\n\t\t<\/div>\n\t\t\t\t\t\t\t<\/div>\n\t\t<\/section>\n\t\t\t\t<section class=\"elementor-section elementor-top-section elementor-element elementor-element-f649666 elementor-section-boxed elementor-section-height-default elementor-section-height-default\" data-id=\"f649666\" data-element_type=\"section\">\n\t\t\t\t\t\t<div class=\"elementor-container elementor-column-gap-default\">\n\t\t\t\t\t<div class=\"elementor-column elementor-col-100 elementor-top-column elementor-element elementor-element-1a12825\" data-id=\"1a12825\" data-element_type=\"column\">\n\t\t\t<div class=\"elementor-widget-wrap elementor-element-populated\">\n\t\t\t\t\t\t\t\t<div class=\"elementor-element elementor-element-96e5eef elementor-widget elementor-widget-spacer\" data-id=\"96e5eef\" data-element_type=\"widget\" data-widget_type=\"spacer.default\">\n\t\t\t\t<div class=\"elementor-widget-container\">\n\t\t\t\t\t<div class=\"elementor-spacer\">\n\t\t\t<div class=\"elementor-spacer-inner\"><\/div>\n\t\t<\/div>\n\t\t\t\t<\/div>\n\t\t\t\t<\/div>\n\t\t\t\t\t<\/div>\n\t\t<\/div>\n\t\t\t\t\t\t\t<\/div>\n\t\t<\/section>\n\t\t\t\t<section class=\"elementor-section elementor-top-section elementor-element elementor-element-1d8a485 elementor-section-stretched elementor-section-boxed elementor-section-height-default elementor-section-height-default\" data-id=\"1d8a485\" data-element_type=\"section\" data-settings=\"{&quot;stretch_section&quot;:&quot;section-stretched&quot;}\">\n\t\t\t\t\t\t<div class=\"elementor-container elementor-column-gap-default\">\n\t\t\t\t\t<div class=\"elementor-column elementor-col-100 elementor-top-column elementor-element elementor-element-e6da2c4\" data-id=\"e6da2c4\" data-element_type=\"column\">\n\t\t\t<div class=\"elementor-widget-wrap elementor-element-populated\">\n\t\t\t\t\t\t\t\t<div class=\"elementor-element elementor-element-bface88 elementor-widget elementor-widget-text-editor\" data-id=\"bface88\" data-element_type=\"widget\" data-widget_type=\"text-editor.default\">\n\t\t\t\t<div class=\"elementor-widget-container\">\n\t\t\t\t\t\t\t<p>Cr\u00e9dits photos et vid\u00e9os : Brin Schoellkopf<\/p>\t\t\t\t\t\t<\/div>\n\t\t\t\t<\/div>\n\t\t\t\t\t<\/div>\n\t\t<\/div>\n\t\t\t\t\t\t\t<\/div>\n\t\t<\/section>\n\t\t\t\t\t\t\t<\/div>\n\t\t","protected":false},"excerpt":{"rendered":"<p>Moi Acrobate \/ Beignade I Tel un exercice de style, cette pi\u00e8ce reprend le format num\u00e9ro de cirque, d&rsquo;une dur\u00e9e de sept minutes et pour un espace de 13 m\u00e8tres de diam\u00e8tre. Cette pi\u00e8ce est toutefois une commande, elle est\u00a0ainsi\u00a0adapt\u00e9e dans un format frontal. Moi Acrobate a \u00e9t\u00e9 cr\u00e9e \u00e0 l&rsquo;\u00c9cole Nationale de cirque en [&hellip;]<\/p>\n","protected":false},"author":1,"featured_media":0,"parent":0,"menu_order":0,"comment_status":"closed","ping_status":"closed","template":"elementor_header_footer","meta":{"footnotes":""},"aioseo_notices":[],"_links":{"self":[{"href":"http:\/\/basilephilippe.eu\/index.php\/wp-json\/wp\/v2\/pages\/489"}],"collection":[{"href":"http:\/\/basilephilippe.eu\/index.php\/wp-json\/wp\/v2\/pages"}],"about":[{"href":"http:\/\/basilephilippe.eu\/index.php\/wp-json\/wp\/v2\/types\/page"}],"author":[{"embeddable":true,"href":"http:\/\/basilephilippe.eu\/index.php\/wp-json\/wp\/v2\/users\/1"}],"replies":[{"embeddable":true,"href":"http:\/\/basilephilippe.eu\/index.php\/wp-json\/wp\/v2\/comments?post=489"}],"version-history":[{"count":39,"href":"http:\/\/basilephilippe.eu\/index.php\/wp-json\/wp\/v2\/pages\/489\/revisions"}],"predecessor-version":[{"id":1762,"href":"http:\/\/basilephilippe.eu\/index.php\/wp-json\/wp\/v2\/pages\/489\/revisions\/1762"}],"wp:attachment":[{"href":"http:\/\/basilephilippe.eu\/index.php\/wp-json\/wp\/v2\/media?parent=489"}],"curies":[{"name":"wp","href":"https:\/\/api.w.org\/{rel}","templated":true}]}}