{"id":9,"date":"2018-09-28T21:51:10","date_gmt":"2018-09-28T21:51:10","guid":{"rendered":"https:\/\/agora-go.com\/etudiant01\/?page_id=9"},"modified":"2025-10-06T10:04:01","modified_gmt":"2025-10-06T08:04:01","slug":"biographie","status":"publish","type":"page","link":"http:\/\/basilephilippe.eu\/index.php\/biographie\/","title":{"rendered":"Biographie"},"content":{"rendered":"\t\t<div data-elementor-type=\"wp-post\" data-elementor-id=\"9\" class=\"elementor elementor-9\">\n\t\t\t\t\t\t\t\t\t<section class=\"elementor-section elementor-top-section elementor-element elementor-element-b2529c2 elementor-section-boxed elementor-section-height-default elementor-section-height-default\" data-id=\"b2529c2\" data-element_type=\"section\">\n\t\t\t\t\t\t<div class=\"elementor-container elementor-column-gap-default\">\n\t\t\t\t\t<div class=\"elementor-column elementor-col-100 elementor-top-column elementor-element elementor-element-bf93cbc\" data-id=\"bf93cbc\" data-element_type=\"column\">\n\t\t\t<div class=\"elementor-widget-wrap elementor-element-populated\">\n\t\t\t\t\t\t\t\t<div class=\"elementor-element elementor-element-481dfe8 elementor-widget elementor-widget-spacer\" data-id=\"481dfe8\" data-element_type=\"widget\" data-widget_type=\"spacer.default\">\n\t\t\t\t<div class=\"elementor-widget-container\">\n\t\t\t\t\t<div class=\"elementor-spacer\">\n\t\t\t<div class=\"elementor-spacer-inner\"><\/div>\n\t\t<\/div>\n\t\t\t\t<\/div>\n\t\t\t\t<\/div>\n\t\t\t\t\t<\/div>\n\t\t<\/div>\n\t\t\t\t\t\t\t<\/div>\n\t\t<\/section>\n\t\t\t\t<section class=\"elementor-section elementor-top-section elementor-element elementor-element-1ec8478 elementor-section-stretched elementor-section-boxed elementor-section-height-default elementor-section-height-default\" data-id=\"1ec8478\" data-element_type=\"section\" data-settings=\"{&quot;stretch_section&quot;:&quot;section-stretched&quot;}\">\n\t\t\t\t\t\t<div class=\"elementor-container elementor-column-gap-default\">\n\t\t\t\t\t<div class=\"elementor-column elementor-col-100 elementor-top-column elementor-element elementor-element-b937500\" data-id=\"b937500\" data-element_type=\"column\">\n\t\t\t<div class=\"elementor-widget-wrap elementor-element-populated\">\n\t\t\t\t\t\t\t\t<div class=\"elementor-element elementor-element-f2786aa elementor-widget elementor-widget-heading\" data-id=\"f2786aa\" data-element_type=\"widget\" data-widget_type=\"heading.default\">\n\t\t\t\t<div class=\"elementor-widget-container\">\n\t\t\t<h2 class=\"elementor-heading-title elementor-size-default\">Biographie<\/h2>\t\t<\/div>\n\t\t\t\t<\/div>\n\t\t\t\t\t<\/div>\n\t\t<\/div>\n\t\t\t\t\t\t\t<\/div>\n\t\t<\/section>\n\t\t\t\t<section class=\"elementor-section elementor-top-section elementor-element elementor-element-17b3cd4 elementor-section-boxed elementor-section-height-default elementor-section-height-default\" data-id=\"17b3cd4\" data-element_type=\"section\">\n\t\t\t\t\t\t<div class=\"elementor-container elementor-column-gap-default\">\n\t\t\t\t\t<div class=\"elementor-column elementor-col-100 elementor-top-column elementor-element elementor-element-4f41a83\" data-id=\"4f41a83\" data-element_type=\"column\">\n\t\t\t<div class=\"elementor-widget-wrap elementor-element-populated\">\n\t\t\t\t\t\t\t\t<div class=\"elementor-element elementor-element-ede8a96 elementor-widget elementor-widget-spacer\" data-id=\"ede8a96\" data-element_type=\"widget\" data-widget_type=\"spacer.default\">\n\t\t\t\t<div class=\"elementor-widget-container\">\n\t\t\t\t\t<div class=\"elementor-spacer\">\n\t\t\t<div class=\"elementor-spacer-inner\"><\/div>\n\t\t<\/div>\n\t\t\t\t<\/div>\n\t\t\t\t<\/div>\n\t\t\t\t\t<\/div>\n\t\t<\/div>\n\t\t\t\t\t\t\t<\/div>\n\t\t<\/section>\n\t\t\t\t<section class=\"elementor-section elementor-top-section elementor-element elementor-element-3e9c306 elementor-section-stretched elementor-section-boxed elementor-section-height-default elementor-section-height-default\" data-id=\"3e9c306\" data-element_type=\"section\" data-settings=\"{&quot;stretch_section&quot;:&quot;section-stretched&quot;}\">\n\t\t\t\t\t\t<div class=\"elementor-container elementor-column-gap-default\">\n\t\t\t\t\t<div class=\"elementor-column elementor-col-100 elementor-top-column elementor-element elementor-element-d090763\" data-id=\"d090763\" data-element_type=\"column\">\n\t\t\t<div class=\"elementor-widget-wrap elementor-element-populated\">\n\t\t\t\t\t\t\t\t<div class=\"elementor-element elementor-element-10aaddf elementor-widget elementor-widget-text-editor\" data-id=\"10aaddf\" data-element_type=\"widget\" data-widget_type=\"text-editor.default\">\n\t\t\t\t<div class=\"elementor-widget-container\">\n\t\t\t\t\t\t\t<p><span style=\"font-weight: 400;\">\u00a0\u00abJe me sculpte, je me sens, je me caresse. Corps fragile, conscient de sa masse, de son <\/span><span style=\"font-weight: 400;\">poids sur ce qui l&rsquo;entoure. Le plaisir est moteur : il lance mon corps dans l\u2019exp\u00e9rimentation.\u00bb<\/span><\/p>\t\t\t\t\t\t<\/div>\n\t\t\t\t<\/div>\n\t\t\t\t\t<\/div>\n\t\t<\/div>\n\t\t\t\t\t\t\t<\/div>\n\t\t<\/section>\n\t\t\t\t<section class=\"elementor-section elementor-top-section elementor-element elementor-element-4f378da0 elementor-section-stretched elementor-section-boxed elementor-section-height-default elementor-section-height-default\" data-id=\"4f378da0\" data-element_type=\"section\" data-settings=\"{&quot;stretch_section&quot;:&quot;section-stretched&quot;}\">\n\t\t\t\t\t\t<div class=\"elementor-container elementor-column-gap-wide\">\n\t\t\t\t\t<div class=\"elementor-column elementor-col-50 elementor-top-column elementor-element elementor-element-653cf28b\" data-id=\"653cf28b\" data-element_type=\"column\">\n\t\t\t<div class=\"elementor-widget-wrap elementor-element-populated\">\n\t\t\t\t\t\t\t\t<div class=\"elementor-element elementor-element-76121d8 gallery-spacing-custom elementor-widget elementor-widget-image-gallery\" data-id=\"76121d8\" data-element_type=\"widget\" data-widget_type=\"image-gallery.default\">\n\t\t\t\t<div class=\"elementor-widget-container\">\n\t\t\t\t\t<div class=\"elementor-image-gallery\">\n\t\t\t<div id='gallery-1' class='gallery galleryid-9 gallery-columns-1 gallery-size-medium'><figure class='gallery-item'>\n\t\t\t<div class='gallery-icon portrait'>\n\t\t\t\t<a data-elementor-open-lightbox=\"no\" href='http:\/\/basilephilippe.eu\/wp-content\/uploads\/2025\/10\/Potrait_A_Gratias.jpg'><img width=\"201\" height=\"300\" src=\"http:\/\/basilephilippe.eu\/wp-content\/uploads\/2025\/10\/Potrait_A_Gratias-201x300.jpg\" class=\"attachment-medium size-medium\" alt=\"\" decoding=\"async\" loading=\"lazy\" srcset=\"http:\/\/basilephilippe.eu\/wp-content\/uploads\/2025\/10\/Potrait_A_Gratias-201x300.jpg 201w, http:\/\/basilephilippe.eu\/wp-content\/uploads\/2025\/10\/Potrait_A_Gratias-686x1024.jpg 686w, http:\/\/basilephilippe.eu\/wp-content\/uploads\/2025\/10\/Potrait_A_Gratias-768x1146.jpg 768w, http:\/\/basilephilippe.eu\/wp-content\/uploads\/2025\/10\/Potrait_A_Gratias-1029x1536.jpg 1029w, http:\/\/basilephilippe.eu\/wp-content\/uploads\/2025\/10\/Potrait_A_Gratias.jpg 1072w\" sizes=\"(max-width: 201px) 100vw, 201px\" \/><\/a>\n\t\t\t<\/div><\/figure><figure class='gallery-item'>\n\t\t\t<div class='gallery-icon portrait'>\n\t\t\t\t<a data-elementor-open-lightbox=\"no\" href='http:\/\/basilephilippe.eu\/wp-content\/uploads\/2025\/10\/EMPTINESS_A_Shmitt-scaled.jpg'><img width=\"200\" height=\"300\" src=\"http:\/\/basilephilippe.eu\/wp-content\/uploads\/2025\/10\/EMPTINESS_A_Shmitt-200x300.jpg\" class=\"attachment-medium size-medium\" alt=\"\" decoding=\"async\" loading=\"lazy\" srcset=\"http:\/\/basilephilippe.eu\/wp-content\/uploads\/2025\/10\/EMPTINESS_A_Shmitt-200x300.jpg 200w, http:\/\/basilephilippe.eu\/wp-content\/uploads\/2025\/10\/EMPTINESS_A_Shmitt-683x1024.jpg 683w, http:\/\/basilephilippe.eu\/wp-content\/uploads\/2025\/10\/EMPTINESS_A_Shmitt-768x1152.jpg 768w, http:\/\/basilephilippe.eu\/wp-content\/uploads\/2025\/10\/EMPTINESS_A_Shmitt-1024x1536.jpg 1024w, http:\/\/basilephilippe.eu\/wp-content\/uploads\/2025\/10\/EMPTINESS_A_Shmitt-1365x2048.jpg 1365w, http:\/\/basilephilippe.eu\/wp-content\/uploads\/2025\/10\/EMPTINESS_A_Shmitt-scaled.jpg 1707w\" sizes=\"(max-width: 200px) 100vw, 200px\" \/><\/a>\n\t\t\t<\/div><\/figure>\n\t\t<\/div>\n\t\t<\/div>\n\t\t\t\t<\/div>\n\t\t\t\t<\/div>\n\t\t\t\t\t<\/div>\n\t\t<\/div>\n\t\t\t\t<div class=\"elementor-column elementor-col-50 elementor-top-column elementor-element elementor-element-6d5a055e\" data-id=\"6d5a055e\" data-element_type=\"column\">\n\t\t\t<div class=\"elementor-widget-wrap elementor-element-populated\">\n\t\t\t\t\t\t\t\t<div class=\"elementor-element elementor-element-65b61f41 elementor-widget elementor-widget-text-editor\" data-id=\"65b61f41\" data-element_type=\"widget\" data-widget_type=\"text-editor.default\">\n\t\t\t\t<div class=\"elementor-widget-container\">\n\t\t\t\t\t\t\t<p><span style=\"font-weight: 400;\">Basile travaille entre Besan\u00e7on, l\u2019Europe et le Qu\u00e9bec. Form\u00e9 comme acrobate \u00e0 l\u2019\u00c9cole Nationale de Cirque de Montr\u00e9al\/Tiohti\u00e0:ke, il y apprend \u00e0 cr\u00e9er des espaces circassiens en trois dimensions. Il d\u00e9veloppe sa pratique personnelle dans un duo : aux c\u00f4t\u00e9s d\u2019un gros tapis en forme de Donut (<\/span><i><span style=\"font-weight: 400;\">Within<\/span><\/i><span style=\"font-weight: 400;\"> 2019). Il y lie corps circassien, mouvements sonores et arts visuels. Il s\u2019ouvre ensuite \u00e0 l\u2019art de la performance aux c\u00f4t\u00e9s de Peter James (<\/span><i><span style=\"font-weight: 400;\">REDAMNSION<\/span><\/i><span style=\"font-weight: 400;\"> 2022) et Nien Tzu Weng (<\/span><i><span style=\"font-weight: 400;\">Through us _comme espaces_ passions<\/span><\/i><span style=\"font-weight: 400;\">, 2021).<\/span><\/p><p><span style=\"font-weight: 400;\">Il continue \u00e0 exp\u00e9rimenter le rapport prosth\u00e9tique et intime \u00e0 l\u2019objet, tout en se dirigeant vers un travail de composition. Il a \u00e9t\u00e9 shortlist\u00e9 circusnext 2023 avec le spectacle <\/span><i><span style=\"font-weight: 400;\">Broths\/ et autres paysages<\/span><\/i><span style=\"font-weight: 400;\">, co\u00e9crit avec Maxime Steffan.<\/span><\/p><p><span style=\"font-weight: 400;\">Il travaille actuellement sur sa nouvelle cr\u00e9ation <\/span><i><span style=\"font-weight: 400;\">EMPTINESS is merveilleux<\/span><\/i><span style=\"font-weight: 400;\">. Dans ce solo, pr\u00e9vu pour 2026, il va \u00e0 la rencontre du vide, accompagn\u00e9 d\u2019une chaleureuse solitude et de nouveaux objets-proth\u00e8ses.<\/span><\/p><p><span style=\"font-weight: 400;\">Entre ses projets, il a collabor\u00e9 avec les collectifs Valby Ruta (QC) et The Circus Dialogues (BE). Il est interpr\u00e8te sur le spectacle La Danse d\u2019Amazon, cr\u00e9ation faite \u00e0 Berlin en 2023, de la compagnie allemande Rimini Protokoll.\u00a0 Il est aussi regard ext\u00e9rieur pour l\u2019acrobate suisse Lili Parson.\u00a0<\/span><\/p><p><span style=\"font-weight: 400;\">Il lui para\u00eet important de toujours rester curieux, de perp\u00e9tuellement questionner la place politique de son travail et de continuer \u00e0 rencontrer d\u2019autres collaborateurices avec lesquel.le.s sculpter d\u2019autres espaces de cr\u00e9ation.<\/span><\/p>\t\t\t\t\t\t<\/div>\n\t\t\t\t<\/div>\n\t\t\t\t\t<\/div>\n\t\t<\/div>\n\t\t\t\t\t\t\t<\/div>\n\t\t<\/section>\n\t\t\t\t<section class=\"elementor-section elementor-top-section elementor-element elementor-element-e4d58ff elementor-section-stretched elementor-hidden-tablet elementor-section-boxed elementor-section-height-default elementor-section-height-default\" data-id=\"e4d58ff\" data-element_type=\"section\" data-settings=\"{&quot;stretch_section&quot;:&quot;section-stretched&quot;}\">\n\t\t\t\t\t\t<div class=\"elementor-container elementor-column-gap-default\">\n\t\t\t\t\t<div class=\"elementor-column elementor-col-100 elementor-top-column elementor-element elementor-element-b5cee53\" data-id=\"b5cee53\" data-element_type=\"column\">\n\t\t\t<div class=\"elementor-widget-wrap elementor-element-populated\">\n\t\t\t\t\t\t\t\t<div class=\"elementor-element elementor-element-2acc26f elementor-widget elementor-widget-spacer\" data-id=\"2acc26f\" data-element_type=\"widget\" data-widget_type=\"spacer.default\">\n\t\t\t\t<div class=\"elementor-widget-container\">\n\t\t\t\t\t<div class=\"elementor-spacer\">\n\t\t\t<div class=\"elementor-spacer-inner\"><\/div>\n\t\t<\/div>\n\t\t\t\t<\/div>\n\t\t\t\t<\/div>\n\t\t\t\t\t<\/div>\n\t\t<\/div>\n\t\t\t\t\t\t\t<\/div>\n\t\t<\/section>\n\t\t\t\t<section class=\"elementor-section elementor-top-section elementor-element elementor-element-dd546e9 elementor-section-boxed elementor-section-height-default elementor-section-height-default\" data-id=\"dd546e9\" data-element_type=\"section\">\n\t\t\t\t\t\t<div class=\"elementor-container elementor-column-gap-default\">\n\t\t\t\t\t<div class=\"elementor-column elementor-col-20 elementor-top-column elementor-element elementor-element-4da42c2\" data-id=\"4da42c2\" data-element_type=\"column\">\n\t\t\t<div class=\"elementor-widget-wrap elementor-element-populated\">\n\t\t\t\t\t\t\t\t<div class=\"elementor-element elementor-element-3fdda55 elementor-widget elementor-widget-spacer\" data-id=\"3fdda55\" data-element_type=\"widget\" data-widget_type=\"spacer.default\">\n\t\t\t\t<div class=\"elementor-widget-container\">\n\t\t\t\t\t<div class=\"elementor-spacer\">\n\t\t\t<div class=\"elementor-spacer-inner\"><\/div>\n\t\t<\/div>\n\t\t\t\t<\/div>\n\t\t\t\t<\/div>\n\t\t\t\t\t<\/div>\n\t\t<\/div>\n\t\t\t\t<div class=\"elementor-column elementor-col-20 elementor-top-column elementor-element elementor-element-c1a8771\" data-id=\"c1a8771\" data-element_type=\"column\">\n\t\t\t<div class=\"elementor-widget-wrap elementor-element-populated\">\n\t\t\t\t\t\t\t\t<div class=\"elementor-element elementor-element-1277f3d elementor-align-center elementor-widget elementor-widget-button\" data-id=\"1277f3d\" data-element_type=\"widget\" data-widget_type=\"button.default\">\n\t\t\t\t<div class=\"elementor-widget-container\">\n\t\t\t\t\t<div class=\"elementor-button-wrapper\">\n\t\t\t<a class=\"elementor-button elementor-button-link elementor-size-sm\" href=\"http:\/\/basilephilippe.eu\/wp-content\/uploads\/2025\/10\/B_PHILIPPE_FR_CV2025.pdf\" target=\"_blank\">\n\t\t\t\t\t\t<span class=\"elementor-button-content-wrapper\">\n\t\t\t\t\t\t<span class=\"elementor-button-text\">Curriculum Vitae<\/span>\n\t\t<\/span>\n\t\t\t\t\t<\/a>\n\t\t<\/div>\n\t\t\t\t<\/div>\n\t\t\t\t<\/div>\n\t\t\t\t\t<\/div>\n\t\t<\/div>\n\t\t\t\t<div class=\"elementor-column elementor-col-20 elementor-top-column elementor-element elementor-element-22753c0\" data-id=\"22753c0\" data-element_type=\"column\">\n\t\t\t<div class=\"elementor-widget-wrap elementor-element-populated\">\n\t\t\t\t\t\t\t\t<div class=\"elementor-element elementor-element-7476cb2 elementor-widget elementor-widget-spacer\" data-id=\"7476cb2\" data-element_type=\"widget\" data-widget_type=\"spacer.default\">\n\t\t\t\t<div class=\"elementor-widget-container\">\n\t\t\t\t\t<div class=\"elementor-spacer\">\n\t\t\t<div class=\"elementor-spacer-inner\"><\/div>\n\t\t<\/div>\n\t\t\t\t<\/div>\n\t\t\t\t<\/div>\n\t\t\t\t\t<\/div>\n\t\t<\/div>\n\t\t\t\t<div class=\"elementor-column elementor-col-20 elementor-top-column elementor-element elementor-element-3d34ac9\" data-id=\"3d34ac9\" data-element_type=\"column\">\n\t\t\t<div class=\"elementor-widget-wrap\">\n\t\t\t\t\t\t\t\t\t<\/div>\n\t\t<\/div>\n\t\t\t\t<div class=\"elementor-column elementor-col-20 elementor-top-column elementor-element elementor-element-5a9600b\" data-id=\"5a9600b\" data-element_type=\"column\">\n\t\t\t<div class=\"elementor-widget-wrap elementor-element-populated\">\n\t\t\t\t\t\t\t\t<div class=\"elementor-element elementor-element-c152b14 elementor-widget elementor-widget-text-editor\" data-id=\"c152b14\" data-element_type=\"widget\" data-widget_type=\"text-editor.default\">\n\t\t\t\t<div class=\"elementor-widget-container\">\n\t\t\t\t\t\t\t<p><span style=\"font-size: 14px; letter-spacing: 0px;\">\u2018\u2019\u00a0<\/span><span style=\"font-weight: 400;\">L\u2019espace post-vitruvien se d\u00e9pose : monochrome bleu.<\/span><\/p><p><span style=\"font-weight: 400;\">Tout cela est amour , violent et exqui, libert\u00e9 sadienne.<\/span><\/p><p><span style=\"font-weight: 400;\">Le son, l&rsquo;ego, le statement succombent paisiblement pour laisser place au bal. La pr\u00e9sence<\/span><\/p><p><span style=\"font-weight: 400;\">s\u2019\u00e9coute, l\u2019air est rempli de silence. Les corps des t\u00e9moins tendent vers l\u2019avant, il oscille<\/span><\/p><p><span style=\"font-weight: 400;\">parmi eux : Silence.\u00a0<\/span><span style=\"font-size: 14px; letter-spacing: 0px;\">\u2018\u2019<\/span><\/p>\t\t\t\t\t\t<\/div>\n\t\t\t\t<\/div>\n\t\t\t\t<div class=\"elementor-element elementor-element-29d2476 elementor-widget elementor-widget-text-editor\" data-id=\"29d2476\" data-element_type=\"widget\" data-widget_type=\"text-editor.default\">\n\t\t\t\t<div class=\"elementor-widget-container\">\n\t\t\t\t\t\t\t<p>B.<\/p>\t\t\t\t\t\t<\/div>\n\t\t\t\t<\/div>\n\t\t\t\t\t<\/div>\n\t\t<\/div>\n\t\t\t\t\t\t\t<\/div>\n\t\t<\/section>\n\t\t\t\t<section class=\"elementor-section elementor-top-section elementor-element elementor-element-2535f34 elementor-section-stretched elementor-section-boxed elementor-section-height-default elementor-section-height-default\" data-id=\"2535f34\" data-element_type=\"section\" data-settings=\"{&quot;stretch_section&quot;:&quot;section-stretched&quot;}\">\n\t\t\t\t\t\t<div class=\"elementor-container elementor-column-gap-default\">\n\t\t\t\t\t<div class=\"elementor-column elementor-col-100 elementor-top-column elementor-element elementor-element-483ca72\" data-id=\"483ca72\" data-element_type=\"column\">\n\t\t\t<div class=\"elementor-widget-wrap\">\n\t\t\t\t\t\t\t\t\t<\/div>\n\t\t<\/div>\n\t\t\t\t\t\t\t<\/div>\n\t\t<\/section>\n\t\t\t\t<section class=\"elementor-section elementor-top-section elementor-element elementor-element-129eea23 elementor-section-stretched elementor-section-boxed elementor-section-height-default elementor-section-height-default\" data-id=\"129eea23\" data-element_type=\"section\" data-settings=\"{&quot;stretch_section&quot;:&quot;section-stretched&quot;}\">\n\t\t\t\t\t\t<div class=\"elementor-container elementor-column-gap-default\">\n\t\t\t\t\t<div class=\"elementor-column elementor-col-100 elementor-top-column elementor-element elementor-element-1caed9e5\" data-id=\"1caed9e5\" data-element_type=\"column\">\n\t\t\t<div class=\"elementor-widget-wrap elementor-element-populated\">\n\t\t\t\t\t\t\t\t<div class=\"elementor-element elementor-element-3db821a0 elementor-widget elementor-widget-text-editor\" data-id=\"3db821a0\" data-element_type=\"widget\" data-widget_type=\"text-editor.default\">\n\t\t\t\t<div class=\"elementor-widget-container\">\n\t\t\t\t\t\t\t<p>Cr\u00e9dits photos :\u00a0 \u00a0A. Gratis \/\/ A. Schmitt<\/p>\t\t\t\t\t\t<\/div>\n\t\t\t\t<\/div>\n\t\t\t\t\t<\/div>\n\t\t<\/div>\n\t\t\t\t\t\t\t<\/div>\n\t\t<\/section>\n\t\t\t\t\t\t\t<\/div>\n\t\t","protected":false},"excerpt":{"rendered":"<p>Biographie \u00a0\u00abJe me sculpte, je me sens, je me caresse. Corps fragile, conscient de sa masse, de son poids sur ce qui l&rsquo;entoure. Le plaisir est moteur : il lance mon corps dans l\u2019exp\u00e9rimentation.\u00bb Basile travaille entre Besan\u00e7on, l\u2019Europe et le Qu\u00e9bec. Form\u00e9 comme acrobate \u00e0 l\u2019\u00c9cole Nationale de Cirque de Montr\u00e9al\/Tiohti\u00e0:ke, il y apprend [&hellip;]<\/p>\n","protected":false},"author":1,"featured_media":0,"parent":0,"menu_order":0,"comment_status":"closed","ping_status":"closed","template":"elementor_header_footer","meta":{"footnotes":""},"aioseo_notices":[],"_links":{"self":[{"href":"http:\/\/basilephilippe.eu\/index.php\/wp-json\/wp\/v2\/pages\/9"}],"collection":[{"href":"http:\/\/basilephilippe.eu\/index.php\/wp-json\/wp\/v2\/pages"}],"about":[{"href":"http:\/\/basilephilippe.eu\/index.php\/wp-json\/wp\/v2\/types\/page"}],"author":[{"embeddable":true,"href":"http:\/\/basilephilippe.eu\/index.php\/wp-json\/wp\/v2\/users\/1"}],"replies":[{"embeddable":true,"href":"http:\/\/basilephilippe.eu\/index.php\/wp-json\/wp\/v2\/comments?post=9"}],"version-history":[{"count":73,"href":"http:\/\/basilephilippe.eu\/index.php\/wp-json\/wp\/v2\/pages\/9\/revisions"}],"predecessor-version":[{"id":2190,"href":"http:\/\/basilephilippe.eu\/index.php\/wp-json\/wp\/v2\/pages\/9\/revisions\/2190"}],"wp:attachment":[{"href":"http:\/\/basilephilippe.eu\/index.php\/wp-json\/wp\/v2\/media?parent=9"}],"curies":[{"name":"wp","href":"https:\/\/api.w.org\/{rel}","templated":true}]}}