{"id":938,"date":"2019-01-07T02:11:14","date_gmt":"2019-01-07T01:11:14","guid":{"rendered":"http:\/\/basilephilippe.eu\/?page_id=938"},"modified":"2023-10-23T22:53:12","modified_gmt":"2023-10-23T20:53:12","slug":"truc-truc-2","status":"publish","type":"page","link":"http:\/\/basilephilippe.eu\/index.php\/truc-truc-2\/","title":{"rendered":"Truc Truc"},"content":{"rendered":"\t\t<div data-elementor-type=\"wp-post\" data-elementor-id=\"938\" class=\"elementor elementor-938\">\n\t\t\t\t\t\t\t\t\t<section class=\"elementor-section elementor-top-section elementor-element elementor-element-1832c41a elementor-section-stretched elementor-section-boxed elementor-section-height-default elementor-section-height-default\" data-id=\"1832c41a\" data-element_type=\"section\" data-settings=\"{&quot;stretch_section&quot;:&quot;section-stretched&quot;}\">\n\t\t\t\t\t\t<div class=\"elementor-container elementor-column-gap-default\">\n\t\t\t\t\t<div class=\"elementor-column elementor-col-100 elementor-top-column elementor-element elementor-element-385917d7\" data-id=\"385917d7\" data-element_type=\"column\">\n\t\t\t<div class=\"elementor-widget-wrap elementor-element-populated\">\n\t\t\t\t\t\t\t\t<div class=\"elementor-element elementor-element-4f00bd28 elementor-widget elementor-widget-heading\" data-id=\"4f00bd28\" data-element_type=\"widget\" data-widget_type=\"heading.default\">\n\t\t\t\t<div class=\"elementor-widget-container\">\n\t\t\t<h2 class=\"elementor-heading-title elementor-size-default\"><br>Truc Truc<\/h2>\t\t<\/div>\n\t\t\t\t<\/div>\n\t\t\t\t\t<\/div>\n\t\t<\/div>\n\t\t\t\t\t\t\t<\/div>\n\t\t<\/section>\n\t\t\t\t<section class=\"elementor-section elementor-top-section elementor-element elementor-element-c9ce13b elementor-section-boxed elementor-section-height-default elementor-section-height-default\" data-id=\"c9ce13b\" data-element_type=\"section\">\n\t\t\t\t\t\t<div class=\"elementor-container elementor-column-gap-default\">\n\t\t\t\t\t<div class=\"elementor-column elementor-col-100 elementor-top-column elementor-element elementor-element-b0f6f6e\" data-id=\"b0f6f6e\" data-element_type=\"column\">\n\t\t\t<div class=\"elementor-widget-wrap elementor-element-populated\">\n\t\t\t\t\t\t\t\t<div class=\"elementor-element elementor-element-f2d6851 elementor-widget elementor-widget-spacer\" data-id=\"f2d6851\" data-element_type=\"widget\" data-widget_type=\"spacer.default\">\n\t\t\t\t<div class=\"elementor-widget-container\">\n\t\t\t\t\t<div class=\"elementor-spacer\">\n\t\t\t<div class=\"elementor-spacer-inner\"><\/div>\n\t\t<\/div>\n\t\t\t\t<\/div>\n\t\t\t\t<\/div>\n\t\t\t\t\t<\/div>\n\t\t<\/div>\n\t\t\t\t\t\t\t<\/div>\n\t\t<\/section>\n\t\t\t\t<section class=\"elementor-section elementor-top-section elementor-element elementor-element-ae2e359 elementor-section-stretched elementor-section-boxed elementor-section-height-default elementor-section-height-default\" data-id=\"ae2e359\" data-element_type=\"section\" data-settings=\"{&quot;stretch_section&quot;:&quot;section-stretched&quot;}\">\n\t\t\t\t\t\t<div class=\"elementor-container elementor-column-gap-wide\">\n\t\t\t\t\t<div class=\"elementor-column elementor-col-33 elementor-top-column elementor-element elementor-element-767c6238\" data-id=\"767c6238\" data-element_type=\"column\">\n\t\t\t<div class=\"elementor-widget-wrap elementor-element-populated\">\n\t\t\t\t\t\t\t\t<div class=\"elementor-element elementor-element-66475ed gallery-spacing-custom elementor-widget elementor-widget-image-gallery\" data-id=\"66475ed\" data-element_type=\"widget\" data-widget_type=\"image-gallery.default\">\n\t\t\t\t<div class=\"elementor-widget-container\">\n\t\t\t\t\t<div class=\"elementor-image-gallery\">\n\t\t\t<div id='gallery-1' class='gallery galleryid-938 gallery-columns-1 gallery-size-medium'><figure class='gallery-item'>\n\t\t\t<div class='gallery-icon landscape'>\n\t\t\t\t<a data-elementor-open-lightbox=\"no\" href='http:\/\/basilephilippe.eu\/wp-content\/uploads\/2018\/12\/DSC_0154.jpg'><img width=\"300\" height=\"200\" src=\"http:\/\/basilephilippe.eu\/wp-content\/uploads\/2018\/12\/DSC_0154-300x200.jpg\" class=\"attachment-medium size-medium\" alt=\"\" decoding=\"async\" loading=\"lazy\" srcset=\"http:\/\/basilephilippe.eu\/wp-content\/uploads\/2018\/12\/DSC_0154-300x200.jpg 300w, http:\/\/basilephilippe.eu\/wp-content\/uploads\/2018\/12\/DSC_0154-768x512.jpg 768w, http:\/\/basilephilippe.eu\/wp-content\/uploads\/2018\/12\/DSC_0154-1024x683.jpg 1024w\" sizes=\"(max-width: 300px) 100vw, 300px\" \/><\/a>\n\t\t\t<\/div><\/figure><figure class='gallery-item'>\n\t\t\t<div class='gallery-icon landscape'>\n\t\t\t\t<a data-elementor-open-lightbox=\"no\" href='http:\/\/basilephilippe.eu\/wp-content\/uploads\/2018\/12\/IMG_20180827_235401_785-1.jpg'><img width=\"300\" height=\"225\" src=\"http:\/\/basilephilippe.eu\/wp-content\/uploads\/2018\/12\/IMG_20180827_235401_785-1-300x225.jpg\" class=\"attachment-medium size-medium\" alt=\"\" decoding=\"async\" loading=\"lazy\" srcset=\"http:\/\/basilephilippe.eu\/wp-content\/uploads\/2018\/12\/IMG_20180827_235401_785-1-300x225.jpg 300w, http:\/\/basilephilippe.eu\/wp-content\/uploads\/2018\/12\/IMG_20180827_235401_785-1-768x576.jpg 768w, http:\/\/basilephilippe.eu\/wp-content\/uploads\/2018\/12\/IMG_20180827_235401_785-1-1024x768.jpg 1024w\" sizes=\"(max-width: 300px) 100vw, 300px\" \/><\/a>\n\t\t\t<\/div><\/figure><figure class='gallery-item'>\n\t\t\t<div class='gallery-icon landscape'>\n\t\t\t\t<a data-elementor-open-lightbox=\"no\" href='http:\/\/basilephilippe.eu\/wp-content\/uploads\/2018\/12\/DSC_0329.jpg'><img width=\"300\" height=\"200\" src=\"http:\/\/basilephilippe.eu\/wp-content\/uploads\/2018\/12\/DSC_0329-300x200.jpg\" class=\"attachment-medium size-medium\" alt=\"\" decoding=\"async\" loading=\"lazy\" srcset=\"http:\/\/basilephilippe.eu\/wp-content\/uploads\/2018\/12\/DSC_0329-300x200.jpg 300w, http:\/\/basilephilippe.eu\/wp-content\/uploads\/2018\/12\/DSC_0329-768x512.jpg 768w, http:\/\/basilephilippe.eu\/wp-content\/uploads\/2018\/12\/DSC_0329-1024x683.jpg 1024w\" sizes=\"(max-width: 300px) 100vw, 300px\" \/><\/a>\n\t\t\t<\/div><\/figure>\n\t\t<\/div>\n\t\t<\/div>\n\t\t\t\t<\/div>\n\t\t\t\t<\/div>\n\t\t\t\t\t<\/div>\n\t\t<\/div>\n\t\t\t\t<div class=\"elementor-column elementor-col-66 elementor-top-column elementor-element elementor-element-36765e2\" data-id=\"36765e2\" data-element_type=\"column\">\n\t\t\t<div class=\"elementor-widget-wrap elementor-element-populated\">\n\t\t\t\t\t\t\t\t<div class=\"elementor-element elementor-element-21bcbaaa elementor-widget elementor-widget-text-editor\" data-id=\"21bcbaaa\" data-element_type=\"widget\" data-widget_type=\"text-editor.default\">\n\t\t\t\t<div class=\"elementor-widget-container\">\n\t\t\t\t\t\t\t<p>Truc Truc is a collective reflection on the need to create. An urgent, compelling necessity. Something that takes eight individuals, like that, and confronts them with a void, with the same-not-a-embryo.<\/p><p>In these individuals, there are some who make circus, sound, play, music, crafts, light, botany.<\/p><p>Together, they will try to do something, young, fresh, generous, honest, funny, full of self-derision, creamy, sour, phosphorescent, inadequate, failed, tempted.<\/p><p>\u00a0<\/p><p>Truc Truc is Troubadours, musicians, lighting designers, master pyrotechnicians, trained in fundamental research at the CNRS, actors, professional laughers, students at the Th\u00e9\u00e2tre National de Strasbourg in R\u00e9gie, scenography or in acting, and at the Ecole de Cirque de Bordeaux and of Montr\u00e9al, balancers, sound designers, performers, jugglers, acrobatic donut tamers, blonds, red, brown, curly&#8230; a little of all that.<\/p><p>\u00a0<\/p><p>Truc Truc is F\u00e9lix Chaillou, Simon Drouart, Livia Jouan, F\u00e9lix Philippe, Cl\u00e9mence Boiss\u00e9, Etienne Drouart, Basile Philippe, Marjolaine Mansot.<\/p>\t\t\t\t\t\t<\/div>\n\t\t\t\t<\/div>\n\t\t\t\t\t<\/div>\n\t\t<\/div>\n\t\t\t\t\t\t\t<\/div>\n\t\t<\/section>\n\t\t\t\t<section class=\"elementor-section elementor-top-section elementor-element elementor-element-63dfa6a elementor-section-boxed elementor-section-height-default elementor-section-height-default\" data-id=\"63dfa6a\" data-element_type=\"section\">\n\t\t\t\t\t\t<div class=\"elementor-container elementor-column-gap-default\">\n\t\t\t\t\t<div class=\"elementor-column elementor-col-100 elementor-top-column elementor-element elementor-element-e34d7a3\" data-id=\"e34d7a3\" data-element_type=\"column\">\n\t\t\t<div class=\"elementor-widget-wrap elementor-element-populated\">\n\t\t\t\t\t\t\t\t<div class=\"elementor-element elementor-element-da8a78b elementor-widget elementor-widget-spacer\" data-id=\"da8a78b\" data-element_type=\"widget\" data-widget_type=\"spacer.default\">\n\t\t\t\t<div class=\"elementor-widget-container\">\n\t\t\t\t\t<div class=\"elementor-spacer\">\n\t\t\t<div class=\"elementor-spacer-inner\"><\/div>\n\t\t<\/div>\n\t\t\t\t<\/div>\n\t\t\t\t<\/div>\n\t\t\t\t\t<\/div>\n\t\t<\/div>\n\t\t\t\t\t\t\t<\/div>\n\t\t<\/section>\n\t\t\t\t<section class=\"elementor-section elementor-top-section elementor-element elementor-element-5a7df05b elementor-section-stretched elementor-section-boxed elementor-section-height-default elementor-section-height-default\" data-id=\"5a7df05b\" data-element_type=\"section\" data-settings=\"{&quot;stretch_section&quot;:&quot;section-stretched&quot;}\">\n\t\t\t\t\t\t<div class=\"elementor-container elementor-column-gap-default\">\n\t\t\t\t\t<div class=\"elementor-column elementor-col-100 elementor-top-column elementor-element elementor-element-2a4e7c7a\" data-id=\"2a4e7c7a\" data-element_type=\"column\">\n\t\t\t<div class=\"elementor-widget-wrap elementor-element-populated\">\n\t\t\t\t\t\t\t\t<div class=\"elementor-element elementor-element-533e9e08 elementor-widget elementor-widget-text-editor\" data-id=\"533e9e08\" data-element_type=\"widget\" data-widget_type=\"text-editor.default\">\n\t\t\t\t<div class=\"elementor-widget-container\">\n\t\t\t\t\t\t\t<p>Photo credits: Marjolaine Mansot<\/p>\t\t\t\t\t\t<\/div>\n\t\t\t\t<\/div>\n\t\t\t\t\t<\/div>\n\t\t<\/div>\n\t\t\t\t\t\t\t<\/div>\n\t\t<\/section>\n\t\t\t\t\t\t\t<\/div>\n\t\t","protected":false},"excerpt":{"rendered":"<p>Truc Truc Truc Truc is a collective reflection on the need to create. An urgent, compelling necessity. Something that takes eight individuals, like that, and confronts them with a void, with the same-not-a-embryo. In these individuals, there are some who make circus, sound, play, music, crafts, light, botany. Together, they will try to do something, [&hellip;]<\/p>\n","protected":false},"author":1,"featured_media":0,"parent":0,"menu_order":0,"comment_status":"closed","ping_status":"closed","template":"elementor_header_footer","meta":{"footnotes":""},"aioseo_notices":[],"_links":{"self":[{"href":"http:\/\/basilephilippe.eu\/index.php\/wp-json\/wp\/v2\/pages\/938"}],"collection":[{"href":"http:\/\/basilephilippe.eu\/index.php\/wp-json\/wp\/v2\/pages"}],"about":[{"href":"http:\/\/basilephilippe.eu\/index.php\/wp-json\/wp\/v2\/types\/page"}],"author":[{"embeddable":true,"href":"http:\/\/basilephilippe.eu\/index.php\/wp-json\/wp\/v2\/users\/1"}],"replies":[{"embeddable":true,"href":"http:\/\/basilephilippe.eu\/index.php\/wp-json\/wp\/v2\/comments?post=938"}],"version-history":[{"count":12,"href":"http:\/\/basilephilippe.eu\/index.php\/wp-json\/wp\/v2\/pages\/938\/revisions"}],"predecessor-version":[{"id":1801,"href":"http:\/\/basilephilippe.eu\/index.php\/wp-json\/wp\/v2\/pages\/938\/revisions\/1801"}],"wp:attachment":[{"href":"http:\/\/basilephilippe.eu\/index.php\/wp-json\/wp\/v2\/media?parent=938"}],"curies":[{"name":"wp","href":"https:\/\/api.w.org\/{rel}","templated":true}]}}